{"id":1997,"date":"2020-01-22T11:52:27","date_gmt":"2020-01-22T11:52:27","guid":{"rendered":"https:\/\/enjoygroup.es\/?page_id=1997"},"modified":"2021-12-20T13:46:52","modified_gmt":"2021-12-20T12:46:52","slug":"landing-chaletsiena","status":"publish","type":"page","link":"https:\/\/enjoygroup.es\/de\/landing-chaletsiena\/","title":{"rendered":"LANDING RESERVA CHALET SIENA"},"content":{"rendered":"\t\t<div data-elementor-type=\"wp-page\" data-elementor-id=\"1997\" class=\"elementor elementor-1997\" data-elementor-post-type=\"page\">\n\t\t\t\t\t\t<section class=\"elementor-section elementor-top-section elementor-element elementor-element-80417d8 elementor-section-boxed elementor-section-height-default elementor-section-height-default\" data-id=\"80417d8\" data-element_type=\"section\" data-e-type=\"section\">\n\t\t\t\t\t\t<div class=\"elementor-container elementor-column-gap-default\">\n\t\t\t\t\t<div class=\"elementor-column elementor-col-100 elementor-top-column elementor-element elementor-element-4de3c7d\" data-id=\"4de3c7d\" data-element_type=\"column\" data-e-type=\"column\">\n\t\t\t<div class=\"elementor-widget-wrap elementor-element-populated\">\n\t\t\t\t\t\t<div class=\"elementor-element elementor-element-53e786e elementor-hidden-desktop elementor-hidden-tablet elementor-hidden-phone elementor-widget elementor-widget-html\" data-id=\"53e786e\" data-element_type=\"widget\" data-e-type=\"widget\" data-widget_type=\"html.default\">\n\t\t\t\t<div class=\"elementor-widget-container\">\n\t\t\t\t\t<!-- Facebook Pixel Code -->\n<script>\n!function(f,b,e,v,n,t,s)\n{if(f.fbq)return;n=f.fbq=function(){n.callMethod?\nn.callMethod.apply(n,arguments):n.queue.push(arguments)};\nif(!f._fbq)f._fbq=n;n.push=n;n.loaded=!0;n.version='2.0';\nn.queue=[];t=b.createElement(e);t.async=!0;\nt.src=v;s=b.getElementsByTagName(e)[0];\ns.parentNode.insertBefore(t,s)}(window, document,'script',\n'https:\/\/connect.facebook.net\/en_US\/fbevents.js');\nfbq('init', '306317513150350');\nfbq('track', 'PageView');\n<\/script>\n<noscript><img height=\"1\" width=\"1\" style=\"display:none\"\nsrc=\"https:\/\/www.facebook.com\/tr?id=306317513150350&ev=PageView&noscript=1\"\n\/><\/noscript>\n<!-- End Facebook Pixel Code -->\t\t\t\t<\/div>\n\t\t\t\t<\/div>\n\t\t\t\t<div class=\"elementor-element elementor-element-8697709 elementor-widget elementor-widget-spacer\" data-id=\"8697709\" data-element_type=\"widget\" data-e-type=\"widget\" data-widget_type=\"spacer.default\">\n\t\t\t\t<div class=\"elementor-widget-container\">\n\t\t\t\t\t\t\t<div class=\"elementor-spacer\">\n\t\t\t<div class=\"elementor-spacer-inner\"><\/div>\n\t\t<\/div>\n\t\t\t\t\t\t<\/div>\n\t\t\t\t<\/div>\n\t\t\t\t\t<\/div>\n\t\t<\/div>\n\t\t\t\t\t<\/div>\n\t\t<\/section>\n\t\t\t\t<section class=\"elementor-section elementor-top-section elementor-element elementor-element-bd486ae elementor-section-boxed elementor-section-height-default elementor-section-height-default\" data-id=\"bd486ae\" data-element_type=\"section\" data-e-type=\"section\">\n\t\t\t\t\t\t<div class=\"elementor-container elementor-column-gap-no\">\n\t\t\t\t\t<div class=\"elementor-column elementor-col-100 elementor-top-column elementor-element elementor-element-0d60706\" data-id=\"0d60706\" data-element_type=\"column\" data-e-type=\"column\">\n\t\t\t<div class=\"elementor-widget-wrap elementor-element-populated\">\n\t\t\t\t\t\t<div class=\"elementor-element elementor-element-c37566e elementor-widget elementor-widget-heading\" data-id=\"c37566e\" data-element_type=\"widget\" data-e-type=\"widget\" data-widget_type=\"heading.default\">\n\t\t\t\t<div class=\"elementor-widget-container\">\n\t\t\t\t\t<h2 class=\"elementor-heading-title elementor-size-large\">GRACIAS POR RESERVAR EN CHALET SIENA<\/h2>\t\t\t\t<\/div>\n\t\t\t\t<\/div>\n\t\t\t\t<div class=\"elementor-element elementor-element-2613c93 animated-fast elementor-invisible elementor-widget elementor-widget-image\" data-id=\"2613c93\" data-element_type=\"widget\" data-e-type=\"widget\" data-settings=\"{&quot;_animation&quot;:&quot;zoomIn&quot;,&quot;_animation_delay&quot;:1000}\" data-widget_type=\"image.default\">\n\t\t\t\t<div class=\"elementor-widget-container\">\n\t\t\t\t\t\t\t\t\t\t\t\t\t\t\t<img fetchpriority=\"high\" decoding=\"async\" width=\"800\" height=\"600\" src=\"https:\/\/enjoygroup.es\/wp-content\/uploads\/2020\/01\/check.gif\" class=\"attachment-large size-large wp-image-1902\" alt=\"check\" \/>\t\t\t\t\t\t\t\t\t\t\t\t\t\t\t<\/div>\n\t\t\t\t<\/div>\n\t\t\t\t<div class=\"elementor-element elementor-element-28812c4 elementor-align-center elementor-widget elementor-widget-button\" data-id=\"28812c4\" data-element_type=\"widget\" data-e-type=\"widget\" data-widget_type=\"button.default\">\n\t\t\t\t<div class=\"elementor-widget-container\">\n\t\t\t\t\t\t\t\t\t<div class=\"elementor-button-wrapper\">\n\t\t\t\t\t<a class=\"elementor-button elementor-button-link elementor-size-md\" href=\"https:\/\/enjoygroup.es\/\">\n\t\t\t\t\t\t<span class=\"elementor-button-content-wrapper\">\n\t\t\t\t\t\t\t\t\t<span class=\"elementor-button-text\">OK<\/span>\n\t\t\t\t\t<\/span>\n\t\t\t\t\t<\/a>\n\t\t\t\t<\/div>\n\t\t\t\t\t\t\t\t<\/div>\n\t\t\t\t<\/div>\n\t\t\t\t\t<\/div>\n\t\t<\/div>\n\t\t\t\t\t<\/div>\n\t\t<\/section>\n\t\t\t\t<section class=\"elementor-section elementor-top-section elementor-element elementor-element-9d7de24 elementor-section-boxed elementor-section-height-default elementor-section-height-default\" data-id=\"9d7de24\" data-element_type=\"section\" data-e-type=\"section\">\n\t\t\t\t\t\t<div class=\"elementor-container elementor-column-gap-default\">\n\t\t\t\t\t<div class=\"elementor-column elementor-col-100 elementor-top-column elementor-element elementor-element-6193f8c\" data-id=\"6193f8c\" data-element_type=\"column\" data-e-type=\"column\">\n\t\t\t<div class=\"elementor-widget-wrap elementor-element-populated\">\n\t\t\t\t\t\t<div class=\"elementor-element elementor-element-889ec6e elementor-widget elementor-widget-spacer\" data-id=\"889ec6e\" data-element_type=\"widget\" data-e-type=\"widget\" data-widget_type=\"spacer.default\">\n\t\t\t\t<div class=\"elementor-widget-container\">\n\t\t\t\t\t\t\t<div class=\"elementor-spacer\">\n\t\t\t<div class=\"elementor-spacer-inner\"><\/div>\n\t\t<\/div>\n\t\t\t\t\t\t<\/div>\n\t\t\t\t<\/div>\n\t\t\t\t\t<\/div>\n\t\t<\/div>\n\t\t\t\t\t<\/div>\n\t\t<\/section>\n\t\t\t\t<\/div>\n\t\t","protected":false},"excerpt":{"rendered":"<p>GRACIAS POR RESERVAR EN CHALET SIENA OK<\/p>","protected":false},"author":2,"featured_media":0,"parent":0,"menu_order":5,"comment_status":"closed","ping_status":"closed","template":"elementor_canvas","meta":{"inline_featured_image":false,"footnotes":""},"class_list":["post-1997","page","type-page","status-publish"],"yoast_head":"<!-- This site is optimized with the Yoast SEO plugin v27.3 - https:\/\/yoast.com\/product\/yoast-seo-wordpress\/ -->\n<title>LANDING RESERVA CHALET SIENA<\/title>\n<meta name=\"description\" content=\"Enjoy Group Restaurants &amp; More es un grupo de \u201cLifestyle Hospitality\u201d ubicado en las Islas Baleares en Palma de Mallorca. Especializado en brindar experiencias incre\u00edbles a todos los clientes a trav\u00e9s de sus locales espectaculares y \u00fanicos mezclando una gastronom\u00eda de alta calidad, excelentes c\u00f3cteles, ambientes acogedores, m\u00fasica, dise\u00f1o y elegancia en sus restaurantes caracterizados por tener una atmosfera incre\u00edble y un look &amp; feel \u00fanico. Enjoy Group es conocido como uno de los mejores grupos de restauraci\u00f3n en las Islas Baleares. Una visita obligada cuando vienes a Mallorca de vacaciones. Esto es lo que somos y lo que hacemos, nuestro core business, conseguir que la gente; \u201cENJOY Life, ENJOY food, ENJOY experiences, ENJOY friends, Love, family, holidays, moments, beach, Mallorca\u201d.\" \/>\n<meta name=\"robots\" content=\"index, follow, max-snippet:-1, max-image-preview:large, max-video-preview:-1\" \/>\n<link rel=\"canonical\" href=\"https:\/\/enjoygroup.es\/de\/landing-chaletsiena\/\" \/>\n<meta property=\"og:locale\" content=\"de_DE\" \/>\n<meta property=\"og:type\" content=\"article\" \/>\n<meta property=\"og:title\" content=\"LANDING RESERVA CHALET SIENA\" \/>\n<meta property=\"og:description\" content=\"Enjoy Group Restaurants &amp; More es un grupo de \u201cLifestyle Hospitality\u201d ubicado en las Islas Baleares en Palma de Mallorca. Especializado en brindar experiencias incre\u00edbles a todos los clientes a trav\u00e9s de sus locales espectaculares y \u00fanicos mezclando una gastronom\u00eda de alta calidad, excelentes c\u00f3cteles, ambientes acogedores, m\u00fasica, dise\u00f1o y elegancia en sus restaurantes caracterizados por tener una atmosfera incre\u00edble y un look &amp; feel \u00fanico. Enjoy Group es conocido como uno de los mejores grupos de restauraci\u00f3n en las Islas Baleares. Una visita obligada cuando vienes a Mallorca de vacaciones. Esto es lo que somos y lo que hacemos, nuestro core business, conseguir que la gente; \u201cENJOY Life, ENJOY food, ENJOY experiences, ENJOY friends, Love, family, holidays, moments, beach, Mallorca\u201d.\" \/>\n<meta property=\"og:url\" content=\"https:\/\/enjoygroup.es\/de\/landing-chaletsiena\/\" \/>\n<meta property=\"og:site_name\" content=\"Enjoy Group\" \/>\n<meta property=\"article:publisher\" content=\"https:\/\/www.facebook.com\/enjoypalmademallorca\/\" \/>\n<meta property=\"article:modified_time\" content=\"2021-12-20T12:46:52+00:00\" \/>\n<meta property=\"og:image\" content=\"https:\/\/www.facebook.com\/tr?id=306317513150350&ev=PageView&noscript=1\" \/>\n<meta name=\"twitter:card\" content=\"summary_large_image\" \/>\n<meta name=\"twitter:label1\" content=\"Gesch\u00e4tzte Lesezeit\" \/>\n\t<meta name=\"twitter:data1\" content=\"1\u00a0Minute\" \/>\n<script type=\"application\/ld+json\" class=\"yoast-schema-graph\">{\"@context\":\"https:\\\/\\\/schema.org\",\"@graph\":[{\"@type\":\"WebPage\",\"@id\":\"https:\\\/\\\/enjoygroup.es\\\/landing-chaletsiena\\\/\",\"url\":\"https:\\\/\\\/enjoygroup.es\\\/landing-chaletsiena\\\/\",\"name\":\"LANDING RESERVA CHALET SIENA\",\"isPartOf\":{\"@id\":\"https:\\\/\\\/enjoygroup.es\\\/#website\"},\"primaryImageOfPage\":{\"@id\":\"https:\\\/\\\/enjoygroup.es\\\/landing-chaletsiena\\\/#primaryimage\"},\"image\":{\"@id\":\"https:\\\/\\\/enjoygroup.es\\\/landing-chaletsiena\\\/#primaryimage\"},\"thumbnailUrl\":\"https:\\\/\\\/www.facebook.com\\\/tr?id=306317513150350&ev=PageView&noscript=1\",\"datePublished\":\"2020-01-22T11:52:27+00:00\",\"dateModified\":\"2021-12-20T12:46:52+00:00\",\"description\":\"Enjoy Group Restaurants & More es un grupo de \u201cLifestyle Hospitality\u201d ubicado en las Islas Baleares en Palma de Mallorca. Especializado en brindar experiencias incre\u00edbles a todos los clientes a trav\u00e9s de sus locales espectaculares y \u00fanicos mezclando una gastronom\u00eda de alta calidad, excelentes c\u00f3cteles, ambientes acogedores, m\u00fasica, dise\u00f1o y elegancia en sus restaurantes caracterizados por tener una atmosfera incre\u00edble y un look & feel \u00fanico. Enjoy Group es conocido como uno de los mejores grupos de restauraci\u00f3n en las Islas Baleares. Una visita obligada cuando vienes a Mallorca de vacaciones. Esto es lo que somos y lo que hacemos, nuestro core business, conseguir que la gente; \u201cENJOY Life, ENJOY food, ENJOY experiences, ENJOY friends, Love, family, holidays, moments, beach, Mallorca\u201d.\",\"breadcrumb\":{\"@id\":\"https:\\\/\\\/enjoygroup.es\\\/landing-chaletsiena\\\/#breadcrumb\"},\"inLanguage\":\"de\",\"potentialAction\":[{\"@type\":\"ReadAction\",\"target\":[\"https:\\\/\\\/enjoygroup.es\\\/landing-chaletsiena\\\/\"]}]},{\"@type\":\"ImageObject\",\"inLanguage\":\"de\",\"@id\":\"https:\\\/\\\/enjoygroup.es\\\/landing-chaletsiena\\\/#primaryimage\",\"url\":\"https:\\\/\\\/www.facebook.com\\\/tr?id=306317513150350&ev=PageView&noscript=1\",\"contentUrl\":\"https:\\\/\\\/www.facebook.com\\\/tr?id=306317513150350&ev=PageView&noscript=1\"},{\"@type\":\"BreadcrumbList\",\"@id\":\"https:\\\/\\\/enjoygroup.es\\\/landing-chaletsiena\\\/#breadcrumb\",\"itemListElement\":[{\"@type\":\"ListItem\",\"position\":1,\"name\":\"Portada\",\"item\":\"https:\\\/\\\/enjoygroup.es\\\/\"},{\"@type\":\"ListItem\",\"position\":2,\"name\":\"LANDING RESERVA CHALET SIENA\"}]},{\"@type\":\"WebSite\",\"@id\":\"https:\\\/\\\/enjoygroup.es\\\/#website\",\"url\":\"https:\\\/\\\/enjoygroup.es\\\/\",\"name\":\"Enjoy Group\",\"description\":\"Restaurants and More\",\"publisher\":{\"@id\":\"https:\\\/\\\/enjoygroup.es\\\/#organization\"},\"potentialAction\":[{\"@type\":\"SearchAction\",\"target\":{\"@type\":\"EntryPoint\",\"urlTemplate\":\"https:\\\/\\\/enjoygroup.es\\\/?s={search_term_string}\"},\"query-input\":{\"@type\":\"PropertyValueSpecification\",\"valueRequired\":true,\"valueName\":\"search_term_string\"}}],\"inLanguage\":\"de\"},{\"@type\":\"Organization\",\"@id\":\"https:\\\/\\\/enjoygroup.es\\\/#organization\",\"name\":\"Enjoy Group\",\"url\":\"https:\\\/\\\/enjoygroup.es\\\/\",\"logo\":{\"@type\":\"ImageObject\",\"inLanguage\":\"de\",\"@id\":\"https:\\\/\\\/enjoygroup.es\\\/#\\\/schema\\\/logo\\\/image\\\/\",\"url\":\"https:\\\/\\\/enjoygroup.es\\\/wp-content\\\/uploads\\\/2020\\\/08\\\/cropped-e-Favicon.png\",\"contentUrl\":\"https:\\\/\\\/enjoygroup.es\\\/wp-content\\\/uploads\\\/2020\\\/08\\\/cropped-e-Favicon.png\",\"width\":512,\"height\":512,\"caption\":\"Enjoy Group\"},\"image\":{\"@id\":\"https:\\\/\\\/enjoygroup.es\\\/#\\\/schema\\\/logo\\\/image\\\/\"},\"sameAs\":[\"https:\\\/\\\/www.facebook.com\\\/enjoypalmademallorca\\\/\",\"https:\\\/\\\/www.instagram.com\\\/enjoygroupmallorca\",\"https:\\\/\\\/www.linkedin.com\\\/in\\\/enjoy-group-86b04a197\\\/\",\"https:\\\/\\\/www.youtube.com\\\/channel\\\/UCiCgpzIEnF8RtMzzda2KNWg\\\/?guided_help_flow=5\"]}]}<\/script>\n<!-- \/ Yoast SEO plugin. -->","yoast_head_json":{"title":"LANDING RESERVA CHALET SIENA","description":"Enjoy group restaurants &amp; more, ist eine Gruppe von \u201eLifestyle Hospitality\u201c auf den Balearen in Palma de Mallorca. Spezialisiert auf die Bereitstellung unglaublicher Erlebnisse f\u00fcr alle Kunden durch seine spektakul\u00e4ren und einzigartigen Veranstaltungsorte, die Mischung aus hochwertiger Gastronomie, exzellenten Cocktails, gem\u00fctlicher Atmosph\u00e4re, Musik, Design und Eleganz in seinen Restaurants, die sich durch eine unglaubliche Atmosph\u00e4re und ein einzigartiges Look &amp; Feel auszeichnen. Die Enjoy Group ist als eine der besten Restaurantgruppen der Balearen bekannt. Ein Muss, wenn Sie im Urlaub nach Mallorca kommen. Das ist, wer wir sind und was wir tun, unser Kerngesch\u00e4ft, Menschen zu gewinnen; &quot;GENIE\u00dfEN Sie das Leben, GENIESSEN Sie Essen, GENIESSEN Sie Erlebnisse, GENIESSEN Sie Freunde, Liebe, Familie, Urlaub, Momente, Strand, Mallorca&quot;.","robots":{"index":"index","follow":"follow","max-snippet":"max-snippet:-1","max-image-preview":"max-image-preview:large","max-video-preview":"max-video-preview:-1"},"canonical":"https:\/\/enjoygroup.es\/de\/landing-chaletsiena\/","og_locale":"de_DE","og_type":"article","og_title":"LANDING RESERVA CHALET SIENA","og_description":"Enjoy Group Restaurants & More es un grupo de \u201cLifestyle Hospitality\u201d ubicado en las Islas Baleares en Palma de Mallorca. Especializado en brindar experiencias incre\u00edbles a todos los clientes a trav\u00e9s de sus locales espectaculares y \u00fanicos mezclando una gastronom\u00eda de alta calidad, excelentes c\u00f3cteles, ambientes acogedores, m\u00fasica, dise\u00f1o y elegancia en sus restaurantes caracterizados por tener una atmosfera incre\u00edble y un look & feel \u00fanico. Enjoy Group es conocido como uno de los mejores grupos de restauraci\u00f3n en las Islas Baleares. Una visita obligada cuando vienes a Mallorca de vacaciones. Esto es lo que somos y lo que hacemos, nuestro core business, conseguir que la gente; \u201cENJOY Life, ENJOY food, ENJOY experiences, ENJOY friends, Love, family, holidays, moments, beach, Mallorca\u201d.","og_url":"https:\/\/enjoygroup.es\/de\/landing-chaletsiena\/","og_site_name":"Enjoy Group","article_publisher":"https:\/\/www.facebook.com\/enjoypalmademallorca\/","article_modified_time":"2021-12-20T12:46:52+00:00","og_image":[{"url":"https:\/\/www.facebook.com\/tr?id=306317513150350&ev=PageView&noscript=1","type":"","width":"","height":""}],"twitter_card":"summary_large_image","twitter_misc":{"Gesch\u00e4tzte Lesezeit":"1\u00a0Minute"},"schema":{"@context":"https:\/\/schema.org","@graph":[{"@type":"WebPage","@id":"https:\/\/enjoygroup.es\/landing-chaletsiena\/","url":"https:\/\/enjoygroup.es\/landing-chaletsiena\/","name":"LANDING RESERVA CHALET SIENA","isPartOf":{"@id":"https:\/\/enjoygroup.es\/#website"},"primaryImageOfPage":{"@id":"https:\/\/enjoygroup.es\/landing-chaletsiena\/#primaryimage"},"image":{"@id":"https:\/\/enjoygroup.es\/landing-chaletsiena\/#primaryimage"},"thumbnailUrl":"https:\/\/www.facebook.com\/tr?id=306317513150350&ev=PageView&noscript=1","datePublished":"2020-01-22T11:52:27+00:00","dateModified":"2021-12-20T12:46:52+00:00","description":"Enjoy group restaurants &amp; more, ist eine Gruppe von \u201eLifestyle Hospitality\u201c auf den Balearen in Palma de Mallorca. Spezialisiert auf die Bereitstellung unglaublicher Erlebnisse f\u00fcr alle Kunden durch seine spektakul\u00e4ren und einzigartigen Veranstaltungsorte, die Mischung aus hochwertiger Gastronomie, exzellenten Cocktails, gem\u00fctlicher Atmosph\u00e4re, Musik, Design und Eleganz in seinen Restaurants, die sich durch eine unglaubliche Atmosph\u00e4re und ein einzigartiges Look &amp; Feel auszeichnen. Die Enjoy Group ist als eine der besten Restaurantgruppen der Balearen bekannt. Ein Muss, wenn Sie im Urlaub nach Mallorca kommen. Das ist, wer wir sind und was wir tun, unser Kerngesch\u00e4ft, Menschen zu gewinnen; &quot;GENIE\u00dfEN Sie das Leben, GENIESSEN Sie Essen, GENIESSEN Sie Erlebnisse, GENIESSEN Sie Freunde, Liebe, Familie, Urlaub, Momente, Strand, Mallorca&quot;.","breadcrumb":{"@id":"https:\/\/enjoygroup.es\/landing-chaletsiena\/#breadcrumb"},"inLanguage":"de","potentialAction":[{"@type":"ReadAction","target":["https:\/\/enjoygroup.es\/landing-chaletsiena\/"]}]},{"@type":"ImageObject","inLanguage":"de","@id":"https:\/\/enjoygroup.es\/landing-chaletsiena\/#primaryimage","url":"https:\/\/www.facebook.com\/tr?id=306317513150350&ev=PageView&noscript=1","contentUrl":"https:\/\/www.facebook.com\/tr?id=306317513150350&ev=PageView&noscript=1"},{"@type":"BreadcrumbList","@id":"https:\/\/enjoygroup.es\/landing-chaletsiena\/#breadcrumb","itemListElement":[{"@type":"ListItem","position":1,"name":"Portada","item":"https:\/\/enjoygroup.es\/"},{"@type":"ListItem","position":2,"name":"LANDING RESERVA CHALET SIENA"}]},{"@type":"WebSite","@id":"https:\/\/enjoygroup.es\/#website","url":"https:\/\/enjoygroup.es\/","name":"Gruppe genie\u00dfen","description":"Restaurants und mehr","publisher":{"@id":"https:\/\/enjoygroup.es\/#organization"},"potentialAction":[{"@type":"SearchAction","target":{"@type":"EntryPoint","urlTemplate":"https:\/\/enjoygroup.es\/?s={search_term_string}"},"query-input":{"@type":"PropertyValueSpecification","valueRequired":true,"valueName":"search_term_string"}}],"inLanguage":"de"},{"@type":"Organization","@id":"https:\/\/enjoygroup.es\/#organization","name":"Gruppe genie\u00dfen","url":"https:\/\/enjoygroup.es\/","logo":{"@type":"ImageObject","inLanguage":"de","@id":"https:\/\/enjoygroup.es\/#\/schema\/logo\/image\/","url":"https:\/\/enjoygroup.es\/wp-content\/uploads\/2020\/08\/cropped-e-Favicon.png","contentUrl":"https:\/\/enjoygroup.es\/wp-content\/uploads\/2020\/08\/cropped-e-Favicon.png","width":512,"height":512,"caption":"Enjoy Group"},"image":{"@id":"https:\/\/enjoygroup.es\/#\/schema\/logo\/image\/"},"sameAs":["https:\/\/www.facebook.com\/enjoypalmademallorca\/","https:\/\/www.instagram.com\/enjoygroupmallorca","https:\/\/www.linkedin.com\/in\/enjoy-group-86b04a197\/","https:\/\/www.youtube.com\/channel\/UCiCgpzIEnF8RtMzzda2KNWg\/?guided_help_flow=5"]}]}},"_links":{"self":[{"href":"https:\/\/enjoygroup.es\/de\/wp-json\/wp\/v2\/pages\/1997","targetHints":{"allow":["GET"]}}],"collection":[{"href":"https:\/\/enjoygroup.es\/de\/wp-json\/wp\/v2\/pages"}],"about":[{"href":"https:\/\/enjoygroup.es\/de\/wp-json\/wp\/v2\/types\/page"}],"author":[{"embeddable":true,"href":"https:\/\/enjoygroup.es\/de\/wp-json\/wp\/v2\/users\/2"}],"replies":[{"embeddable":true,"href":"https:\/\/enjoygroup.es\/de\/wp-json\/wp\/v2\/comments?post=1997"}],"version-history":[{"count":0,"href":"https:\/\/enjoygroup.es\/de\/wp-json\/wp\/v2\/pages\/1997\/revisions"}],"wp:attachment":[{"href":"https:\/\/enjoygroup.es\/de\/wp-json\/wp\/v2\/media?parent=1997"}],"curies":[{"name":"wp","href":"https:\/\/api.w.org\/{rel}","templated":true}]}}