{"id":31570,"date":"2023-05-17T13:48:36","date_gmt":"2023-05-17T11:48:36","guid":{"rendered":"https:\/\/enjoygroup.es\/?page_id=31570"},"modified":"2023-05-17T13:56:58","modified_gmt":"2023-05-17T11:56:58","slug":"petersax-elchiringuito","status":"publish","type":"page","link":"https:\/\/enjoygroup.es\/de\/petersax-elchiringuito\/","title":{"rendered":"Peter Sax El chiringuito"},"content":{"rendered":"\t\t<div data-elementor-type=\"wp-page\" data-elementor-id=\"31570\" class=\"elementor elementor-31570\" data-elementor-post-type=\"page\">\n\t\t\t\t<div class=\"elementor-element elementor-element-d94deaf e-flex e-con-boxed e-con e-parent\" data-id=\"d94deaf\" data-element_type=\"container\" data-e-type=\"container\">\n\t\t\t\t\t<div class=\"e-con-inner\">\n\t\t\t\t<div class=\"elementor-element elementor-element-31e4366 elementor-widget elementor-widget-video\" data-id=\"31e4366\" data-element_type=\"widget\" data-e-type=\"widget\" data-settings=\"{&quot;youtube_url&quot;:&quot;https:\\\/\\\/www.youtube.com\\\/watch?v=If0XuMekd28&quot;,&quot;autoplay&quot;:&quot;yes&quot;,&quot;play_on_mobile&quot;:&quot;yes&quot;,&quot;loop&quot;:&quot;yes&quot;,&quot;video_type&quot;:&quot;youtube&quot;,&quot;controls&quot;:&quot;yes&quot;}\" data-widget_type=\"video.default\">\n\t\t\t\t<div class=\"elementor-widget-container\">\n\t\t\t\t\t\t\t<div class=\"elementor-wrapper elementor-open-inline\">\n\t\t\t<div class=\"elementor-video\"><\/div>\t\t<\/div>\n\t\t\t\t\t\t<\/div>\n\t\t\t\t<\/div>\n\t\t\t\t\t<\/div>\n\t\t\t\t<\/div>\n\t\t<div class=\"elementor-element elementor-element-eeb551f e-flex e-con-boxed e-con e-parent\" data-id=\"eeb551f\" data-element_type=\"container\" data-e-type=\"container\">\n\t\t\t\t\t<div class=\"e-con-inner\">\n\t\t<div class=\"elementor-element elementor-element-9c53ae0 e-con-full e-flex e-con e-child\" data-id=\"9c53ae0\" data-element_type=\"container\" data-e-type=\"container\" data-settings=\"{&quot;background_background&quot;:&quot;classic&quot;,&quot;sticky&quot;:&quot;bottom&quot;,&quot;sticky_on&quot;:[&quot;desktop&quot;,&quot;tablet&quot;,&quot;mobile&quot;],&quot;sticky_offset&quot;:0,&quot;sticky_effects_offset&quot;:0,&quot;sticky_anchor_link_offset&quot;:0}\">\n\t\t\t\t<div class=\"elementor-element elementor-element-981b77d elementor-widget elementor-widget-heading\" data-id=\"981b77d\" data-element_type=\"widget\" data-e-type=\"widget\" data-widget_type=\"heading.default\">\n\t\t\t\t<div class=\"elementor-widget-container\">\n\t\t\t\t\t<h2 class=\"elementor-heading-title elementor-size-default\">Peter Sax Opening Season Party<\/h2>\t\t\t\t<\/div>\n\t\t\t\t<\/div>\n\t\t\t\t<div class=\"elementor-element elementor-element-282f485 elementor-widget elementor-widget-heading\" data-id=\"282f485\" data-element_type=\"widget\" data-e-type=\"widget\" data-widget_type=\"heading.default\">\n\t\t\t\t<div class=\"elementor-widget-container\">\n\t\t\t\t\t<h2 class=\"elementor-heading-title elementor-size-default\">El Chiringuito Beach House 26-05-2023\n<\/h2>\t\t\t\t<\/div>\n\t\t\t\t<\/div>\n\t\t\t\t<\/div>\n\t\t\t\t<div class=\"elementor-element elementor-element-20f88b2 elementor-view-default elementor-widget elementor-widget-icon\" data-id=\"20f88b2\" data-element_type=\"widget\" data-e-type=\"widget\" data-widget_type=\"icon.default\">\n\t\t\t\t<div class=\"elementor-widget-container\">\n\t\t\t\t\t\t\t<div class=\"elementor-icon-wrapper\">\n\t\t\t<div class=\"elementor-icon\">\n\t\t\t<svg xmlns=\"http:\/\/www.w3.org\/2000\/svg\" viewBox=\"0 0 166.49 85.88\"><g id=\"Capa_2\" data-name=\"Capa 2\"><g id=\"Capa_1-2\" data-name=\"Capa 1\"><g id=\"Ilustraci&#xF3;n_144\" data-name=\"Ilustraci&#xF3;n 144\"><path d=\"M94.88,5.46a1,1,0,0,1-1.33,1.33,1,1,0,0,1-.64-.64,1,1,0,0,1,1.33-1.33A1,1,0,0,1,94.88,5.46Z\"><\/path><path d=\"M60,0l.45,1.16c.49,1.29,3.22,6.71,7.64,9.76l0,0,0,0a8.12,8.12,0,0,0,1,1.73L83.14,31h1.91l4-5.16,7.42-9L93.4,18a24.39,24.39,0,0,1-9.52,1.68,17.93,17.93,0,0,1-8.46-2.24,3.81,3.81,0,0,1-1.36-1.19,3.8,3.8,0,0,1,4.8-5.56h0l.13.06c.44.23.9.45,1.39.66l.18.08L78.4,16.07l.94.29a13.44,13.44,0,0,0,4,.6,11.46,11.46,0,0,0,5.37-1.27,11.23,11.23,0,0,0,3.21-2.46l0-.05.07,0a19.13,19.13,0,0,0,5-1.3A21.21,21.21,0,0,0,107.87,1.23L108.45,0ZM77.48,20.19a19.29,19.29,0,0,0,6.39,1.17,27.72,27.72,0,0,0,6.7-.71l.57-.13-3.35,4.05-.11,0a4.6,4.6,0,0,1-1.38-.06A5,5,0,0,1,84.78,24,5.53,5.53,0,0,0,86,25.16a7.94,7.94,0,0,0,.7.4l.21.1-2.85,3.72L76.85,20ZM68.32,4.42a7.79,7.79,0,0,0-.83,3.41v.46L67.16,8a24.75,24.75,0,0,1-4.45-6l-.15-.29h7.91l-.38.34A7.67,7.67,0,0,0,68.32,4.42Zm20.44,9.25c-.28.18-.58.35-.87.5a9.85,9.85,0,0,1-4.57,1.08A11.59,11.59,0,0,1,81.05,15l-.25,0,1.36-2.91.16.06a22.52,22.52,0,0,0,6.33,1.18l.62,0ZM105.69,1.84l-.18.3a19.75,19.75,0,0,1-7.29,7.29C93,12.36,86.36,12.49,79.5,9.8c-1-.39-1.89-.8-2.76-1.25A31.84,31.84,0,0,1,74,7l-.13.14A21.71,21.71,0,0,0,75.5,8.51l.3.22-.36.12a5.46,5.46,0,0,0-3,2.35,5.1,5.1,0,0,0-.67,1.68l-.09.41-1.23-1.6a6.1,6.1,0,0,1-.65-6.52,6.09,6.09,0,0,1,5.56-3.45H105.7l-.08.12Z\"><\/path><path d=\"M76.32,75.24H92.87a0,0,0,0,1,0,0V76a1,1,0,0,1-1,1H75.27a0,0,0,0,1,0,0v-.81A1,1,0,0,1,76.32,75.24Z\"><\/path><path d=\"M6.62,77.91v5.45a2.36,2.36,0,0,1-2.36,2.33H.8V67.1H4.26a2.37,2.37,0,0,1,2.36,2.34v5.45A1.58,1.58,0,0,1,5.53,76.4,1.57,1.57,0,0,1,6.62,77.91ZM4.71,70a.89.89,0,0,0-1-1h-1v6.5h1c.5,0,1-.24,1-1.09Zm0,8.37c0-.83-.48-1.06-1-1.06h-1v6.53h1a.91.91,0,0,0,1-1Z\"><\/path><path d=\"M23.4,83.81c-.21.48-.53,1.22-.61,1.38a1.07,1.07,0,0,1-1,.5H17.51v-18a.58.58,0,0,1,.58-.54h5l-.64,1.39a1,1,0,0,1-1,.53H19.87a.43.43,0,0,0-.45.45V75h2.87c-.21.48-.53,1.25-.61,1.41a1,1,0,0,1-1,.5h-.8a.47.47,0,0,0-.45.46v6.45Z\"><\/path><path d=\"M38.91,85.69H36.82l-1.68-12.8-1.67,12.8h-2.1L34.19,67.1h1c.8,0,.93.51,1,1Z\"><\/path><path d=\"M53.44,83.52a2.37,2.37,0,0,1-2.28,2.36H50a2.37,2.37,0,0,1-2.39-2.36V69.28A2.37,2.37,0,0,1,50,66.92h1.17a2.36,2.36,0,0,1,2.28,2.36v2.84a1,1,0,0,1-.5,1l-1.39.64V69.6a1,1,0,0,0-2,0V83.17a1,1,0,1,0,2,0v-2.5a1.07,1.07,0,0,1,.51-1L53.44,79Z\"><\/path><path d=\"M68.82,67.1a.72.72,0,0,1,.77.75V85.69H67.67v-8.1a.46.46,0,0,0-.45-.42H65.15v8.52H63.24V67.85A.72.72,0,0,1,64,67.1h1.14v7.52c0,.53.21.66.67.66h1.85V67.1Z\"><\/path><path d=\"M102.92,67.1a.72.72,0,0,1,.77.75V85.69h-1.91v-8.1a.47.47,0,0,0-.45-.42H99.25v8.52H97.34V67.85a.72.72,0,0,1,.77-.75h1.14v7.52c0,.53.22.66.67.66h1.86V67.1Z\"><\/path><path d=\"M117.76,66.92a2.39,2.39,0,0,1,2.31,2.36V83.54a2.38,2.38,0,0,1-2.31,2.34H116.3a2.41,2.41,0,0,1-2.39-2.34V69.28a2.38,2.38,0,0,1,2.39-2.36Zm-.63,17.29a1,1,0,0,0,1-1V69.63a1,1,0,0,0-1-1h-.3a1.05,1.05,0,0,0-1,1V83.17a1.05,1.05,0,0,0,1,1Z\"><\/path><path d=\"M134.73,83.52a2.27,2.27,0,0,1-2.28,2.25v0H131a2.3,2.3,0,0,1-2.36-2.28V67.64a.57.57,0,0,1,.55-.54h1.36V83.17a1,1,0,0,0,1,1h.29a1,1,0,0,0,1-1V67.1h1.91Z\"><\/path><path d=\"M148.07,71.78V69.63a1,1,0,1,0-2,0v1.78a6.21,6.21,0,0,0,.82,2.49l2.28,4.31a5.92,5.92,0,0,1,.85,2.94v2.37a2.37,2.37,0,0,1-2.39,2.36h-1.19a2.41,2.41,0,0,1-2.31-2.36V81.6a1.08,1.08,0,0,1,.53-1c.16,0,.93-.4,1.41-.61V83.2a1,1,0,0,0,1,1,1,1,0,0,0,1-1V81.05a6.44,6.44,0,0,0-.83-2.53L145,74.25a6,6,0,0,1-.85-3V69.39a2.47,2.47,0,0,1,2.39-2.47h1.19A2.47,2.47,0,0,1,150,69.39v.72a1.08,1.08,0,0,1-.53,1C149.31,71.22,148.57,71.57,148.07,71.78Z\"><\/path><path d=\"M165.75,83.81c-.21.48-.53,1.22-.61,1.38a1.09,1.09,0,0,1-1,.5h-4.25v-18a.59.59,0,0,1,.59-.54h5l-.63,1.39a1,1,0,0,1-1,.53h-1.54a.43.43,0,0,0-.45.45V75h2.86c-.21.48-.53,1.25-.61,1.41a1,1,0,0,1-1,.5h-.79a.47.47,0,0,0-.45.46v6.45Z\"><\/path><path d=\"M117.12,51.27v5.58a2.62,2.62,0,0,1,0,.28,5.18,5.18,0,0,1-10.35-.28v-19a5.18,5.18,0,1,1,10.36,0,1,1,0,0,1-1,1,1,1,0,0,1-1-1,3.22,3.22,0,1,0-6.44,0v19a3.22,3.22,0,1,0,6.44.08V51.27a.28.28,0,0,0-.27-.28H111.8a1,1,0,1,1,0-2h3.09A2.23,2.23,0,0,1,117.12,51.27Z\"><\/path><path d=\"M18.06,61.82H13.58a2.23,2.23,0,0,1-2.22-2.22V34.76a1,1,0,1,1,2,0V59.6a.26.26,0,0,0,.26.26h4.48a1,1,0,1,1,0,2Z\"><\/path><path d=\"M8.33,60.83a1,1,0,0,1-1,1H2.22A2.23,2.23,0,0,1,0,59.6V36a2.22,2.22,0,0,1,2.22-2.22H7.35a1,1,0,0,1,1,1,1,1,0,0,1-1,1H2.22A.26.26,0,0,0,2,36V48.1H5.68a1,1,0,1,1,0,2H2V59.6a.26.26,0,0,0,.26.26H7.35A1,1,0,0,1,8.33,60.83Z\"><\/path><path d=\"M57.25,34V60.88a1,1,0,0,1-2,0V50.06h-8.9V60.88a1,1,0,0,1-2,0V34a1,1,0,0,1,2,0V48.11h8.9V34a1,1,0,0,1,2,0Z\"><\/path><path d=\"M62.47,61.86a1,1,0,0,1-1-1V34a1,1,0,0,1,2,0V60.88A1,1,0,0,1,62.47,61.86Z\"><\/path><path d=\"M84.3,76.16a1,1,0,0,1-1-1V34a1,1,0,1,1,2,0V75.18A1,1,0,0,1,84.3,76.16Z\"><\/path><path d=\"M136.53,61.86a1,1,0,0,1-1-1V34a1,1,0,0,1,2,0V60.88A1,1,0,0,1,136.53,61.86Z\"><\/path><path d=\"M153.75,34a1,1,0,0,1-1,1H148.1V61.41a1,1,0,0,1-1,1,1,1,0,0,1-1-1V34.94h-5a1,1,0,0,1,0-2h11.6A1,1,0,0,1,153.75,34Z\"><\/path><path d=\"M101.91,61.86a1,1,0,0,1-.91-.63l-8.49-22V60.88a1,1,0,1,1-2,0V34a1,1,0,0,1,1.89-.35l8.49,22V34a1,1,0,0,1,2,0V60.88a1,1,0,0,1-.8,1Z\"><\/path><path d=\"M72.07,33H68.35V49.65h0V60.88a1,1,0,0,0,2,0V50.64l1.68,0a5.29,5.29,0,0,0,.8-.06,5.91,5.91,0,0,0,1.89-.52,6.26,6.26,0,0,0,1.89-1.28,6.4,6.4,0,0,0,1.9-4.56V39.4A6.42,6.42,0,0,0,72.07,33Zm4.45,11.26A4.43,4.43,0,0,1,75.2,47.4,4.36,4.36,0,0,1,72,48.69H70.32V34.94h1.75a4.46,4.46,0,0,1,4.45,4.46Z\"><\/path><path d=\"M77.8,61.8a.87.87,0,0,1-.32.06,1,1,0,0,1-.93-.66L72.8,50.6a5.91,5.91,0,0,0,1.89-.52L78.4,60.55A1,1,0,0,1,77.8,61.8Z\"><\/path><path d=\"M161.31,62.08a5.18,5.18,0,0,1-5.18-5.18v-19a5.18,5.18,0,0,1,10.36,0v19A5.19,5.19,0,0,1,161.31,62.08Zm0-27.43a3.22,3.22,0,0,0-3.22,3.22v19a3.22,3.22,0,0,0,6.44,0v-19A3.22,3.22,0,0,0,161.31,34.65Z\"><\/path><path d=\"M37.26,62.16a5.29,5.29,0,0,1-5.18-5.38v-19a5.18,5.18,0,1,1,10.36,0,1,1,0,0,1-2,0,3.23,3.23,0,1,0-6.44,0v19a3.23,3.23,0,1,0,6.44,0,1,1,0,0,1,2,0A5.28,5.28,0,0,1,37.26,62.16Z\"><\/path><path d=\"M126.34,62.12a5.2,5.2,0,0,1-5.18-5.22V34a1,1,0,1,1,2,0V56.9a3.22,3.22,0,1,0,6.44,0V34a1,1,0,1,1,2,0V56.9A5.21,5.21,0,0,1,126.34,62.12Z\"><\/path><\/g><\/g><\/g><\/svg>\t\t\t<\/div>\n\t\t<\/div>\n\t\t\t\t\t\t<\/div>\n\t\t\t\t<\/div>\n\t\t\t\t<div class=\"elementor-element elementor-element-fd4f2fe elementor-widget elementor-widget-text-editor\" data-id=\"fd4f2fe\" data-element_type=\"widget\" data-e-type=\"widget\" data-widget_type=\"text-editor.default\">\n\t\t\t\t<div class=\"elementor-widget-container\">\n\t\t\t\t\t\t\t\t\t<p>Get ready for a night of pure musical magic as Peter Sax returns to Playa de Palma on May 25th. Join us at our stunning venue for an extraordinary performance that will captivate your senses and leave you wanting more. From 7:00 PM until midnight, immerse yourself in the soulful melodies and electrifying beats of this world-renowned\u00a0saxophonist.<\/p>\t\t\t\t\t\t\t\t<\/div>\n\t\t\t\t<\/div>\n\t\t\t\t<div class=\"elementor-element elementor-element-d146a01 elementor-align-justify elementor-widget__width-initial button-booknow elementor-widget elementor-widget-button\" data-id=\"d146a01\" data-element_type=\"widget\" data-e-type=\"widget\" data-widget_type=\"button.default\">\n\t\t\t\t<div class=\"elementor-widget-container\">\n\t\t\t\t\t\t\t\t\t<div class=\"elementor-button-wrapper\">\n\t\t\t\t\t<a class=\"elementor-button elementor-button-link elementor-size-sm\" href=\"https:\/\/www.covermanager.com\/reservation\/module_restaurant\/restaurante-chiringuito-beach-house\/english\/26-05-2023?timefix=19:00-19:15-19:30-19:45-20:00-20:15-20:30-20:45-21:00-21:15-21:30-21:45-22:00-22:15-22:30-22:45-23:00\">\n\t\t\t\t\t\t<span class=\"elementor-button-content-wrapper\">\n\t\t\t\t\t\t\t\t\t<span class=\"elementor-button-text\">BOOK NOW<\/span>\n\t\t\t\t\t<\/span>\n\t\t\t\t\t<\/a>\n\t\t\t\t<\/div>\n\t\t\t\t\t\t\t\t<\/div>\n\t\t\t\t<\/div>\n\t\t\t\t\t<\/div>\n\t\t\t\t<\/div>\n\t\t\t\t<\/div>\n\t\t","protected":false},"excerpt":{"rendered":"<p>Peter Sax Opening Season Party El Chiringuito Beach House 26-05-2023 Get ready for a night of pure musical magic as Peter Sax returns to Playa de Palma on May 25th. Join us at our stunning venue for an extraordinary performance that will captivate your senses and leave you wanting more. From 7:00 PM until midnight, &#8230; <a title=\"Peter Sax El chiringuito\" class=\"read-more\" href=\"https:\/\/enjoygroup.es\/de\/petersax-elchiringuito\/\" aria-label=\"Mehr Informationen \u00fcber Peter Sax El chiringuito\">Weiterlesen<\/a><\/p>","protected":false},"author":2,"featured_media":0,"parent":0,"menu_order":0,"comment_status":"closed","ping_status":"closed","template":"","meta":{"inline_featured_image":false,"footnotes":""},"class_list":["post-31570","page","type-page","status-publish"],"yoast_head":"<!-- This site is optimized with the Yoast SEO plugin v27.3 - https:\/\/yoast.com\/product\/yoast-seo-wordpress\/ -->\n<title>Peter Sax El chiringuito<\/title>\n<meta name=\"description\" content=\"Enjoy Group Restaurants &amp; More es un grupo de \u201cLifestyle Hospitality\u201d ubicado en las Islas Baleares en Palma de Mallorca. Especializado en brindar experiencias incre\u00edbles a todos los clientes a trav\u00e9s de sus locales espectaculares y \u00fanicos mezclando una gastronom\u00eda de alta calidad, excelentes c\u00f3cteles, ambientes acogedores, m\u00fasica, dise\u00f1o y elegancia en sus restaurantes caracterizados por tener una atmosfera incre\u00edble y un look &amp; feel \u00fanico. Enjoy Group es conocido como uno de los mejores grupos de restauraci\u00f3n en las Islas Baleares. Una visita obligada cuando vienes a Mallorca de vacaciones. Esto es lo que somos y lo que hacemos, nuestro core business, conseguir que la gente; \u201cENJOY Life, ENJOY food, ENJOY experiences, ENJOY friends, Love, family, holidays, moments, beach, Mallorca\u201d.\" \/>\n<meta name=\"robots\" content=\"index, follow, max-snippet:-1, max-image-preview:large, max-video-preview:-1\" \/>\n<link rel=\"canonical\" href=\"https:\/\/enjoygroup.es\/de\/petersax-elchiringuito\/\" \/>\n<meta property=\"og:locale\" content=\"de_DE\" \/>\n<meta property=\"og:type\" content=\"article\" \/>\n<meta property=\"og:title\" content=\"Peter Sax El chiringuito\" \/>\n<meta property=\"og:description\" content=\"Enjoy Group Restaurants &amp; More es un grupo de \u201cLifestyle Hospitality\u201d ubicado en las Islas Baleares en Palma de Mallorca. Especializado en brindar experiencias incre\u00edbles a todos los clientes a trav\u00e9s de sus locales espectaculares y \u00fanicos mezclando una gastronom\u00eda de alta calidad, excelentes c\u00f3cteles, ambientes acogedores, m\u00fasica, dise\u00f1o y elegancia en sus restaurantes caracterizados por tener una atmosfera incre\u00edble y un look &amp; feel \u00fanico. Enjoy Group es conocido como uno de los mejores grupos de restauraci\u00f3n en las Islas Baleares. Una visita obligada cuando vienes a Mallorca de vacaciones. Esto es lo que somos y lo que hacemos, nuestro core business, conseguir que la gente; \u201cENJOY Life, ENJOY food, ENJOY experiences, ENJOY friends, Love, family, holidays, moments, beach, Mallorca\u201d.\" \/>\n<meta property=\"og:url\" content=\"https:\/\/enjoygroup.es\/de\/petersax-elchiringuito\/\" \/>\n<meta property=\"og:site_name\" content=\"Enjoy Group\" \/>\n<meta property=\"article:publisher\" content=\"https:\/\/www.facebook.com\/enjoypalmademallorca\/\" \/>\n<meta property=\"article:modified_time\" content=\"2023-05-17T11:56:58+00:00\" \/>\n<meta property=\"og:image\" content=\"https:\/\/enjoygroup.es\/wp-content\/uploads\/2020\/08\/cropped-e-Favicon.png\" \/>\n\t<meta property=\"og:image:width\" content=\"512\" \/>\n\t<meta property=\"og:image:height\" content=\"512\" \/>\n\t<meta property=\"og:image:type\" content=\"image\/png\" \/>\n<meta name=\"twitter:card\" content=\"summary_large_image\" \/>\n<meta name=\"twitter:label1\" content=\"Gesch\u00e4tzte Lesezeit\" \/>\n\t<meta name=\"twitter:data1\" content=\"1\u00a0Minute\" \/>\n<script type=\"application\/ld+json\" class=\"yoast-schema-graph\">{\"@context\":\"https:\\\/\\\/schema.org\",\"@graph\":[{\"@type\":\"WebPage\",\"@id\":\"https:\\\/\\\/enjoygroup.es\\\/petersax-elchiringuito\\\/\",\"url\":\"https:\\\/\\\/enjoygroup.es\\\/petersax-elchiringuito\\\/\",\"name\":\"Peter Sax El chiringuito\",\"isPartOf\":{\"@id\":\"https:\\\/\\\/enjoygroup.es\\\/#website\"},\"datePublished\":\"2023-05-17T11:48:36+00:00\",\"dateModified\":\"2023-05-17T11:56:58+00:00\",\"description\":\"Enjoy Group Restaurants & More es un grupo de \u201cLifestyle Hospitality\u201d ubicado en las Islas Baleares en Palma de Mallorca. Especializado en brindar experiencias incre\u00edbles a todos los clientes a trav\u00e9s de sus locales espectaculares y \u00fanicos mezclando una gastronom\u00eda de alta calidad, excelentes c\u00f3cteles, ambientes acogedores, m\u00fasica, dise\u00f1o y elegancia en sus restaurantes caracterizados por tener una atmosfera incre\u00edble y un look & feel \u00fanico. Enjoy Group es conocido como uno de los mejores grupos de restauraci\u00f3n en las Islas Baleares. Una visita obligada cuando vienes a Mallorca de vacaciones. Esto es lo que somos y lo que hacemos, nuestro core business, conseguir que la gente; \u201cENJOY Life, ENJOY food, ENJOY experiences, ENJOY friends, Love, family, holidays, moments, beach, Mallorca\u201d.\",\"breadcrumb\":{\"@id\":\"https:\\\/\\\/enjoygroup.es\\\/petersax-elchiringuito\\\/#breadcrumb\"},\"inLanguage\":\"de\",\"potentialAction\":[{\"@type\":\"ReadAction\",\"target\":[\"https:\\\/\\\/enjoygroup.es\\\/petersax-elchiringuito\\\/\"]}]},{\"@type\":\"BreadcrumbList\",\"@id\":\"https:\\\/\\\/enjoygroup.es\\\/petersax-elchiringuito\\\/#breadcrumb\",\"itemListElement\":[{\"@type\":\"ListItem\",\"position\":1,\"name\":\"Portada\",\"item\":\"https:\\\/\\\/enjoygroup.es\\\/\"},{\"@type\":\"ListItem\",\"position\":2,\"name\":\"Peter Sax El chiringuito\"}]},{\"@type\":\"WebSite\",\"@id\":\"https:\\\/\\\/enjoygroup.es\\\/#website\",\"url\":\"https:\\\/\\\/enjoygroup.es\\\/\",\"name\":\"Enjoy Group\",\"description\":\"Restaurants and More\",\"publisher\":{\"@id\":\"https:\\\/\\\/enjoygroup.es\\\/#organization\"},\"potentialAction\":[{\"@type\":\"SearchAction\",\"target\":{\"@type\":\"EntryPoint\",\"urlTemplate\":\"https:\\\/\\\/enjoygroup.es\\\/?s={search_term_string}\"},\"query-input\":{\"@type\":\"PropertyValueSpecification\",\"valueRequired\":true,\"valueName\":\"search_term_string\"}}],\"inLanguage\":\"de\"},{\"@type\":\"Organization\",\"@id\":\"https:\\\/\\\/enjoygroup.es\\\/#organization\",\"name\":\"Enjoy Group\",\"url\":\"https:\\\/\\\/enjoygroup.es\\\/\",\"logo\":{\"@type\":\"ImageObject\",\"inLanguage\":\"de\",\"@id\":\"https:\\\/\\\/enjoygroup.es\\\/#\\\/schema\\\/logo\\\/image\\\/\",\"url\":\"https:\\\/\\\/enjoygroup.es\\\/wp-content\\\/uploads\\\/2020\\\/08\\\/cropped-e-Favicon.png\",\"contentUrl\":\"https:\\\/\\\/enjoygroup.es\\\/wp-content\\\/uploads\\\/2020\\\/08\\\/cropped-e-Favicon.png\",\"width\":512,\"height\":512,\"caption\":\"Enjoy Group\"},\"image\":{\"@id\":\"https:\\\/\\\/enjoygroup.es\\\/#\\\/schema\\\/logo\\\/image\\\/\"},\"sameAs\":[\"https:\\\/\\\/www.facebook.com\\\/enjoypalmademallorca\\\/\",\"https:\\\/\\\/www.instagram.com\\\/enjoygroupmallorca\",\"https:\\\/\\\/www.linkedin.com\\\/in\\\/enjoy-group-86b04a197\\\/\",\"https:\\\/\\\/www.youtube.com\\\/channel\\\/UCiCgpzIEnF8RtMzzda2KNWg\\\/?guided_help_flow=5\"]}]}<\/script>\n<!-- \/ Yoast SEO plugin. -->","yoast_head_json":{"title":"Peter Sax El chiringuito","description":"Enjoy group restaurants &amp; more, ist eine Gruppe von \u201eLifestyle Hospitality\u201c auf den Balearen in Palma de Mallorca. Spezialisiert auf die Bereitstellung unglaublicher Erlebnisse f\u00fcr alle Kunden durch seine spektakul\u00e4ren und einzigartigen Veranstaltungsorte, die Mischung aus hochwertiger Gastronomie, exzellenten Cocktails, gem\u00fctlicher Atmosph\u00e4re, Musik, Design und Eleganz in seinen Restaurants, die sich durch eine unglaubliche Atmosph\u00e4re und ein einzigartiges Look &amp; Feel auszeichnen. Die Enjoy Group ist als eine der besten Restaurantgruppen der Balearen bekannt. Ein Muss, wenn Sie im Urlaub nach Mallorca kommen. Das ist, wer wir sind und was wir tun, unser Kerngesch\u00e4ft, Menschen zu gewinnen; &quot;GENIE\u00dfEN Sie das Leben, GENIESSEN Sie Essen, GENIESSEN Sie Erlebnisse, GENIESSEN Sie Freunde, Liebe, Familie, Urlaub, Momente, Strand, Mallorca&quot;.","robots":{"index":"index","follow":"follow","max-snippet":"max-snippet:-1","max-image-preview":"max-image-preview:large","max-video-preview":"max-video-preview:-1"},"canonical":"https:\/\/enjoygroup.es\/de\/petersax-elchiringuito\/","og_locale":"de_DE","og_type":"article","og_title":"Peter Sax El chiringuito","og_description":"Enjoy Group Restaurants & More es un grupo de \u201cLifestyle Hospitality\u201d ubicado en las Islas Baleares en Palma de Mallorca. Especializado en brindar experiencias incre\u00edbles a todos los clientes a trav\u00e9s de sus locales espectaculares y \u00fanicos mezclando una gastronom\u00eda de alta calidad, excelentes c\u00f3cteles, ambientes acogedores, m\u00fasica, dise\u00f1o y elegancia en sus restaurantes caracterizados por tener una atmosfera incre\u00edble y un look & feel \u00fanico. Enjoy Group es conocido como uno de los mejores grupos de restauraci\u00f3n en las Islas Baleares. Una visita obligada cuando vienes a Mallorca de vacaciones. Esto es lo que somos y lo que hacemos, nuestro core business, conseguir que la gente; \u201cENJOY Life, ENJOY food, ENJOY experiences, ENJOY friends, Love, family, holidays, moments, beach, Mallorca\u201d.","og_url":"https:\/\/enjoygroup.es\/de\/petersax-elchiringuito\/","og_site_name":"Enjoy Group","article_publisher":"https:\/\/www.facebook.com\/enjoypalmademallorca\/","article_modified_time":"2023-05-17T11:56:58+00:00","og_image":[{"width":512,"height":512,"url":"https:\/\/enjoygroup.es\/wp-content\/uploads\/2020\/08\/cropped-e-Favicon.png","type":"image\/png"}],"twitter_card":"summary_large_image","twitter_misc":{"Gesch\u00e4tzte Lesezeit":"1\u00a0Minute"},"schema":{"@context":"https:\/\/schema.org","@graph":[{"@type":"WebPage","@id":"https:\/\/enjoygroup.es\/petersax-elchiringuito\/","url":"https:\/\/enjoygroup.es\/petersax-elchiringuito\/","name":"Peter Sax El chiringuito","isPartOf":{"@id":"https:\/\/enjoygroup.es\/#website"},"datePublished":"2023-05-17T11:48:36+00:00","dateModified":"2023-05-17T11:56:58+00:00","description":"Enjoy group restaurants &amp; more, ist eine Gruppe von \u201eLifestyle Hospitality\u201c auf den Balearen in Palma de Mallorca. Spezialisiert auf die Bereitstellung unglaublicher Erlebnisse f\u00fcr alle Kunden durch seine spektakul\u00e4ren und einzigartigen Veranstaltungsorte, die Mischung aus hochwertiger Gastronomie, exzellenten Cocktails, gem\u00fctlicher Atmosph\u00e4re, Musik, Design und Eleganz in seinen Restaurants, die sich durch eine unglaubliche Atmosph\u00e4re und ein einzigartiges Look &amp; Feel auszeichnen. Die Enjoy Group ist als eine der besten Restaurantgruppen der Balearen bekannt. Ein Muss, wenn Sie im Urlaub nach Mallorca kommen. Das ist, wer wir sind und was wir tun, unser Kerngesch\u00e4ft, Menschen zu gewinnen; &quot;GENIE\u00dfEN Sie das Leben, GENIESSEN Sie Essen, GENIESSEN Sie Erlebnisse, GENIESSEN Sie Freunde, Liebe, Familie, Urlaub, Momente, Strand, Mallorca&quot;.","breadcrumb":{"@id":"https:\/\/enjoygroup.es\/petersax-elchiringuito\/#breadcrumb"},"inLanguage":"de","potentialAction":[{"@type":"ReadAction","target":["https:\/\/enjoygroup.es\/petersax-elchiringuito\/"]}]},{"@type":"BreadcrumbList","@id":"https:\/\/enjoygroup.es\/petersax-elchiringuito\/#breadcrumb","itemListElement":[{"@type":"ListItem","position":1,"name":"Portada","item":"https:\/\/enjoygroup.es\/"},{"@type":"ListItem","position":2,"name":"Peter Sax El chiringuito"}]},{"@type":"WebSite","@id":"https:\/\/enjoygroup.es\/#website","url":"https:\/\/enjoygroup.es\/","name":"Gruppe genie\u00dfen","description":"Restaurants und mehr","publisher":{"@id":"https:\/\/enjoygroup.es\/#organization"},"potentialAction":[{"@type":"SearchAction","target":{"@type":"EntryPoint","urlTemplate":"https:\/\/enjoygroup.es\/?s={search_term_string}"},"query-input":{"@type":"PropertyValueSpecification","valueRequired":true,"valueName":"search_term_string"}}],"inLanguage":"de"},{"@type":"Organization","@id":"https:\/\/enjoygroup.es\/#organization","name":"Gruppe genie\u00dfen","url":"https:\/\/enjoygroup.es\/","logo":{"@type":"ImageObject","inLanguage":"de","@id":"https:\/\/enjoygroup.es\/#\/schema\/logo\/image\/","url":"https:\/\/enjoygroup.es\/wp-content\/uploads\/2020\/08\/cropped-e-Favicon.png","contentUrl":"https:\/\/enjoygroup.es\/wp-content\/uploads\/2020\/08\/cropped-e-Favicon.png","width":512,"height":512,"caption":"Enjoy Group"},"image":{"@id":"https:\/\/enjoygroup.es\/#\/schema\/logo\/image\/"},"sameAs":["https:\/\/www.facebook.com\/enjoypalmademallorca\/","https:\/\/www.instagram.com\/enjoygroupmallorca","https:\/\/www.linkedin.com\/in\/enjoy-group-86b04a197\/","https:\/\/www.youtube.com\/channel\/UCiCgpzIEnF8RtMzzda2KNWg\/?guided_help_flow=5"]}]}},"_links":{"self":[{"href":"https:\/\/enjoygroup.es\/de\/wp-json\/wp\/v2\/pages\/31570","targetHints":{"allow":["GET"]}}],"collection":[{"href":"https:\/\/enjoygroup.es\/de\/wp-json\/wp\/v2\/pages"}],"about":[{"href":"https:\/\/enjoygroup.es\/de\/wp-json\/wp\/v2\/types\/page"}],"author":[{"embeddable":true,"href":"https:\/\/enjoygroup.es\/de\/wp-json\/wp\/v2\/users\/2"}],"replies":[{"embeddable":true,"href":"https:\/\/enjoygroup.es\/de\/wp-json\/wp\/v2\/comments?post=31570"}],"version-history":[{"count":0,"href":"https:\/\/enjoygroup.es\/de\/wp-json\/wp\/v2\/pages\/31570\/revisions"}],"wp:attachment":[{"href":"https:\/\/enjoygroup.es\/de\/wp-json\/wp\/v2\/media?parent=31570"}],"curies":[{"name":"wp","href":"https:\/\/api.w.org\/{rel}","templated":true}]}}