{"id":32335,"date":"2023-08-04T12:27:13","date_gmt":"2023-08-04T10:27:13","guid":{"rendered":"https:\/\/enjoygroup.es\/?page_id=32335"},"modified":"2023-08-04T12:59:45","modified_gmt":"2023-08-04T10:59:45","slug":"solo-vida-party-by-tomorroland","status":"publish","type":"page","link":"https:\/\/enjoygroup.es\/de\/solo-vida-party-by-tomorroland\/","title":{"rendered":"SOLO VIDA PARTY BY TOMORROLAND"},"content":{"rendered":"\t\t<div data-elementor-type=\"wp-page\" data-elementor-id=\"32335\" class=\"elementor elementor-32335\" data-elementor-post-type=\"page\">\n\t\t\t\t<div class=\"elementor-element elementor-element-7a451fa e-flex e-con-boxed e-con e-parent\" data-id=\"7a451fa\" data-element_type=\"container\" data-e-type=\"container\" data-settings=\"{&quot;background_background&quot;:&quot;classic&quot;}\">\n\t\t\t\t\t<div class=\"e-con-inner\">\n\t\t\t\t<div class=\"elementor-element elementor-element-8f8ab69 elementor-widget elementor-widget-heading\" data-id=\"8f8ab69\" data-element_type=\"widget\" data-e-type=\"widget\" data-widget_type=\"heading.default\">\n\t\t\t\t<div class=\"elementor-widget-container\">\n\t\t\t\t\t<h2 class=\"elementor-heading-title elementor-size-default\">SOLO VIDA PARTY BY TOMORROLAND<\/h2>\t\t\t\t<\/div>\n\t\t\t\t<\/div>\n\t\t\t\t<div class=\"elementor-element elementor-element-016e2f8 elementor-pagination-type-bullets elementor-arrows-position-inside elementor-pagination-position-outside elementor-widget elementor-widget-n-carousel\" data-id=\"016e2f8\" data-element_type=\"widget\" data-e-type=\"widget\" data-settings=\"{&quot;carousel_items&quot;:[{&quot;slide_title&quot;:&quot;Slide #1&quot;,&quot;_id&quot;:&quot;3a17fc2&quot;},{&quot;slide_title&quot;:&quot;Slide #2&quot;,&quot;_id&quot;:&quot;c698223&quot;},{&quot;slide_title&quot;:&quot;Slide #3&quot;,&quot;_id&quot;:&quot;35bc4b9&quot;}],&quot;slides_to_show_tablet&quot;:&quot;1&quot;,&quot;speed&quot;:800,&quot;slides_to_show_mobile&quot;:&quot;1&quot;,&quot;infinite&quot;:&quot;yes&quot;,&quot;offset_sides&quot;:&quot;none&quot;,&quot;arrows&quot;:&quot;yes&quot;,&quot;pagination&quot;:&quot;bullets&quot;,&quot;image_spacing_custom&quot;:{&quot;unit&quot;:&quot;px&quot;,&quot;size&quot;:10,&quot;sizes&quot;:[]},&quot;image_spacing_custom_tablet&quot;:{&quot;unit&quot;:&quot;px&quot;,&quot;size&quot;:&quot;&quot;,&quot;sizes&quot;:[]},&quot;image_spacing_custom_mobile&quot;:{&quot;unit&quot;:&quot;px&quot;,&quot;size&quot;:&quot;&quot;,&quot;sizes&quot;:[]}}\" data-widget_type=\"nested-carousel.default\">\n\t\t\t\t<div class=\"elementor-widget-container\">\n\t\t\t\t\t\t\t<div class=\"e-n-carousel swiper\" role=\"region\" aria-roledescription=\"carousel\" aria-label=\"Karussell\" dir=\"ltr\">\n\t\t\t<div class=\"swiper-wrapper\" aria-live=\"polite\">\n\t\t\t\t\t\t\t\t\t\t<div class=\"swiper-slide\" data-slide=\"1\" role=\"group\" aria-roledescription=\"slide\" aria-label=\"1 von 3\">\n\t\t\t\t\t\t\t<div class=\"elementor-element elementor-element-fe9595b e-flex e-con-boxed e-con e-parent\" data-id=\"fe9595b\" data-element_type=\"container\" data-e-type=\"container\">\n\t\t\t\t\t<div class=\"e-con-inner\">\n\t\t<div class=\"elementor-element elementor-element-3d9961f e-con-full gradiente-animado1 e-flex e-con e-child\" data-id=\"3d9961f\" data-element_type=\"container\" data-e-type=\"container\" data-settings=\"{&quot;background_background&quot;:&quot;classic&quot;}\">\n\t\t\t\t<div class=\"elementor-element elementor-element-a0e59c6 elementor-widget elementor-widget-heading\" data-id=\"a0e59c6\" data-element_type=\"widget\" data-e-type=\"widget\" data-widget_type=\"heading.default\">\n\t\t\t\t<div class=\"elementor-widget-container\">\n\t\t\t\t\t<h2 class=\"elementor-heading-title elementor-size-default\">Bikkini Beach<\/h2>\t\t\t\t<\/div>\n\t\t\t\t<\/div>\n\t\t\t\t<div class=\"elementor-element elementor-element-bd32f04 elementor-widget elementor-widget-image\" data-id=\"bd32f04\" data-element_type=\"widget\" data-e-type=\"widget\" data-widget_type=\"image.default\">\n\t\t\t\t<div class=\"elementor-widget-container\">\n\t\t\t\t\t\t\t\t\t\t\t\t\t\t\t<img decoding=\"async\" src=\"http:\/\/enjoygroup.es\/wp-content\/uploads\/SV-Bikkini.webp\" title=\"\" alt=\"\" loading=\"lazy\" \/>\t\t\t\t\t\t\t\t\t\t\t\t\t\t\t<\/div>\n\t\t\t\t<\/div>\n\t\t\t\t<div class=\"elementor-element elementor-element-beab1f4 elementor-align-center elementor-widget elementor-widget-button\" data-id=\"beab1f4\" data-element_type=\"widget\" data-e-type=\"widget\" data-widget_type=\"button.default\">\n\t\t\t\t<div class=\"elementor-widget-container\">\n\t\t\t\t\t\t\t\t\t<div class=\"elementor-button-wrapper\">\n\t\t\t\t\t<a class=\"elementor-button elementor-button-link elementor-size-sm\" href=\"https:\/\/enjoygroup.es\/solo-vida-party-by-tomorroland-bikkini-beach\/\" target=\"_blank\">\n\t\t\t\t\t\t<span class=\"elementor-button-content-wrapper\">\n\t\t\t\t\t\t\t\t\t<span class=\"elementor-button-text\">BOOK NOW<\/span>\n\t\t\t\t\t<\/span>\n\t\t\t\t\t<\/a>\n\t\t\t\t<\/div>\n\t\t\t\t\t\t\t\t<\/div>\n\t\t\t\t<\/div>\n\t\t\t\t<\/div>\n\t\t\t\t\t<\/div>\n\t\t\t\t<\/div>\n\t\t\t\t\t\t\t\t<\/div>\n\t\t\t\t\t\t\t\t\t\t\t<div class=\"swiper-slide\" data-slide=\"2\" role=\"group\" aria-roledescription=\"slide\" aria-label=\"2 von 3\">\n\t\t\t\t\t\t\t<div class=\"elementor-element elementor-element-8734e2f e-flex e-con-boxed e-con e-parent\" data-id=\"8734e2f\" data-element_type=\"container\" data-e-type=\"container\">\n\t\t\t\t\t<div class=\"e-con-inner\">\n\t\t<div class=\"elementor-element elementor-element-93345ef e-con-full gradiente-animado1 e-flex e-con e-child\" data-id=\"93345ef\" data-element_type=\"container\" data-e-type=\"container\" data-settings=\"{&quot;background_background&quot;:&quot;classic&quot;}\">\n\t\t\t\t<div class=\"elementor-element elementor-element-2fa7cd5 elementor-widget elementor-widget-heading\" data-id=\"2fa7cd5\" data-element_type=\"widget\" data-e-type=\"widget\" data-widget_type=\"heading.default\">\n\t\t\t\t<div class=\"elementor-widget-container\">\n\t\t\t\t\t<h2 class=\"elementor-heading-title elementor-size-default\">Chalet Siena<\/h2>\t\t\t\t<\/div>\n\t\t\t\t<\/div>\n\t\t\t\t<div class=\"elementor-element elementor-element-baee860 elementor-widget elementor-widget-image\" data-id=\"baee860\" data-element_type=\"widget\" data-e-type=\"widget\" data-widget_type=\"image.default\">\n\t\t\t\t<div class=\"elementor-widget-container\">\n\t\t\t\t\t\t\t\t\t\t\t\t\t\t\t<img decoding=\"async\" src=\"http:\/\/enjoygroup.es\/wp-content\/uploads\/SV-Siena.webp\" title=\"\" alt=\"\" loading=\"lazy\" \/>\t\t\t\t\t\t\t\t\t\t\t\t\t\t\t<\/div>\n\t\t\t\t<\/div>\n\t\t\t\t<div class=\"elementor-element elementor-element-e79d0ce elementor-align-center elementor-widget elementor-widget-button\" data-id=\"e79d0ce\" data-element_type=\"widget\" data-e-type=\"widget\" data-widget_type=\"button.default\">\n\t\t\t\t<div class=\"elementor-widget-container\">\n\t\t\t\t\t\t\t\t\t<div class=\"elementor-button-wrapper\">\n\t\t\t\t\t<a class=\"elementor-button elementor-button-link elementor-size-sm\" href=\"https:\/\/enjoygroup.es\/solo-vida-party-by-tomorroland-chaletsiena\/\" target=\"_blank\">\n\t\t\t\t\t\t<span class=\"elementor-button-content-wrapper\">\n\t\t\t\t\t\t\t\t\t<span class=\"elementor-button-text\">BOOK NOW<\/span>\n\t\t\t\t\t<\/span>\n\t\t\t\t\t<\/a>\n\t\t\t\t<\/div>\n\t\t\t\t\t\t\t\t<\/div>\n\t\t\t\t<\/div>\n\t\t\t\t<\/div>\n\t\t\t\t\t<\/div>\n\t\t\t\t<\/div>\n\t\t\t\t\t\t\t\t<\/div>\n\t\t\t\t\t\t\t\t\t\t\t<div class=\"swiper-slide\" data-slide=\"3\" role=\"group\" aria-roledescription=\"slide\" aria-label=\"3 von 3\">\n\t\t\t\t\t\t\t<div class=\"elementor-element elementor-element-e7db536 e-flex e-con-boxed e-con e-parent\" data-id=\"e7db536\" data-element_type=\"container\" data-e-type=\"container\">\n\t\t\t\t\t<div class=\"e-con-inner\">\n\t\t<div class=\"elementor-element elementor-element-6f6c619 e-con-full gradiente-animado1 e-flex e-con e-child\" data-id=\"6f6c619\" data-element_type=\"container\" data-e-type=\"container\" data-settings=\"{&quot;background_background&quot;:&quot;classic&quot;}\">\n\t\t\t\t<div class=\"elementor-element elementor-element-2a9e6a8 elementor-widget elementor-widget-heading\" data-id=\"2a9e6a8\" data-element_type=\"widget\" data-e-type=\"widget\" data-widget_type=\"heading.default\">\n\t\t\t\t<div class=\"elementor-widget-container\">\n\t\t\t\t\t<h2 class=\"elementor-heading-title elementor-size-default\">El Chiringuito<\/h2>\t\t\t\t<\/div>\n\t\t\t\t<\/div>\n\t\t\t\t<div class=\"elementor-element elementor-element-b5a52fe elementor-widget elementor-widget-image\" data-id=\"b5a52fe\" data-element_type=\"widget\" data-e-type=\"widget\" data-widget_type=\"image.default\">\n\t\t\t\t<div class=\"elementor-widget-container\">\n\t\t\t\t\t\t\t\t\t\t\t\t\t\t\t<img decoding=\"async\" src=\"http:\/\/enjoygroup.es\/wp-content\/uploads\/SV-Chiringuito.webp\" title=\"\" alt=\"\" loading=\"lazy\" \/>\t\t\t\t\t\t\t\t\t\t\t\t\t\t\t<\/div>\n\t\t\t\t<\/div>\n\t\t\t\t<div class=\"elementor-element elementor-element-2434177 elementor-align-center elementor-widget elementor-widget-button\" data-id=\"2434177\" data-element_type=\"widget\" data-e-type=\"widget\" data-widget_type=\"button.default\">\n\t\t\t\t<div class=\"elementor-widget-container\">\n\t\t\t\t\t\t\t\t\t<div class=\"elementor-button-wrapper\">\n\t\t\t\t\t<a class=\"elementor-button elementor-button-link elementor-size-sm\" href=\"https:\/\/enjoygroup.es\/solo-vida-party-by-tomorroland-el-chiringuito\/\" target=\"_blank\">\n\t\t\t\t\t\t<span class=\"elementor-button-content-wrapper\">\n\t\t\t\t\t\t\t\t\t<span class=\"elementor-button-text\">BOOK NOW<\/span>\n\t\t\t\t\t<\/span>\n\t\t\t\t\t<\/a>\n\t\t\t\t<\/div>\n\t\t\t\t\t\t\t\t<\/div>\n\t\t\t\t<\/div>\n\t\t\t\t<\/div>\n\t\t\t\t\t<\/div>\n\t\t\t\t<\/div>\n\t\t\t\t\t\t\t\t<\/div>\n\t\t\t\t\t\t\t\t<\/div>\n\t\t<\/div>\n\t\t\t\t\t<div class=\"elementor-swiper-button elementor-swiper-button-prev\" role=\"button\" tabindex=\"0\" aria-label=\"Voriger\">\n\t\t\t\t<svg aria-hidden=\"true\" class=\"e-font-icon-svg e-eicon-chevron-left\" viewBox=\"0 0 1000 1000\" xmlns=\"http:\/\/www.w3.org\/2000\/svg\"><path d=\"M646 125C629 125 613 133 604 142L308 442C296 454 292 471 292 487 292 504 296 521 308 533L604 854C617 867 629 875 646 875 663 875 679 871 692 858 704 846 713 829 713 812 713 796 708 779 692 767L438 487 692 225C700 217 708 204 708 187 708 171 704 154 692 142 675 129 663 125 646 125Z\"><\/path><\/svg>\t\t\t<\/div>\n\t\t\t<div class=\"elementor-swiper-button elementor-swiper-button-next\" role=\"button\" tabindex=\"0\" aria-label=\"N\u00e4chster\">\n\t\t\t\t<svg aria-hidden=\"true\" class=\"e-font-icon-svg e-eicon-chevron-right\" viewBox=\"0 0 1000 1000\" xmlns=\"http:\/\/www.w3.org\/2000\/svg\"><path d=\"M696 533C708 521 713 504 713 487 713 471 708 454 696 446L400 146C388 133 375 125 354 125 338 125 325 129 313 142 300 154 292 171 292 187 292 204 296 221 308 233L563 492 304 771C292 783 288 800 288 817 288 833 296 850 308 863 321 871 338 875 354 875 371 875 388 867 400 854L696 533Z\"><\/path><\/svg>\t\t\t<\/div>\n\t\t\t\t\t<div class=\"swiper-pagination\"><\/div>\n\t\t\t\t\t\t<\/div>\n\t\t\t\t<\/div>\n\t\t\t\t\t<\/div>\n\t\t\t\t<\/div>\n\t\t\t\t<\/div>\n\t\t","protected":false},"excerpt":{"rendered":"<p>SOLO VIDA PARTY BY TOMORROLAND Bikkini Beach BOOK NOW Chalet Siena BOOK NOW El Chiringuito BOOK NOW Bikkini Beach BOOK NOW Chalet Siena BOOK NOW El Chiringuito BOOK NOW<\/p>","protected":false},"author":2,"featured_media":0,"parent":0,"menu_order":0,"comment_status":"closed","ping_status":"closed","template":"","meta":{"inline_featured_image":false,"footnotes":""},"class_list":["post-32335","page","type-page","status-publish"],"yoast_head":"<!-- This site is optimized with the Yoast SEO plugin v27.3 - https:\/\/yoast.com\/product\/yoast-seo-wordpress\/ -->\n<title>SOLO VIDA PARTY BY TOMORROLAND<\/title>\n<meta name=\"description\" content=\"Enjoy Group Restaurants &amp; More es un grupo de \u201cLifestyle Hospitality\u201d ubicado en las Islas Baleares en Palma de Mallorca. Especializado en brindar experiencias incre\u00edbles a todos los clientes a trav\u00e9s de sus locales espectaculares y \u00fanicos mezclando una gastronom\u00eda de alta calidad, excelentes c\u00f3cteles, ambientes acogedores, m\u00fasica, dise\u00f1o y elegancia en sus restaurantes caracterizados por tener una atmosfera incre\u00edble y un look &amp; feel \u00fanico. Enjoy Group es conocido como uno de los mejores grupos de restauraci\u00f3n en las Islas Baleares. Una visita obligada cuando vienes a Mallorca de vacaciones. Esto es lo que somos y lo que hacemos, nuestro core business, conseguir que la gente; \u201cENJOY Life, ENJOY food, ENJOY experiences, ENJOY friends, Love, family, holidays, moments, beach, Mallorca\u201d.\" \/>\n<meta name=\"robots\" content=\"index, follow, max-snippet:-1, max-image-preview:large, max-video-preview:-1\" \/>\n<link rel=\"canonical\" href=\"https:\/\/enjoygroup.es\/de\/solo-vida-party-by-tomorroland\/\" \/>\n<meta property=\"og:locale\" content=\"de_DE\" \/>\n<meta property=\"og:type\" content=\"article\" \/>\n<meta property=\"og:title\" content=\"SOLO VIDA PARTY BY TOMORROLAND\" \/>\n<meta property=\"og:description\" content=\"Enjoy Group Restaurants &amp; More es un grupo de \u201cLifestyle Hospitality\u201d ubicado en las Islas Baleares en Palma de Mallorca. Especializado en brindar experiencias incre\u00edbles a todos los clientes a trav\u00e9s de sus locales espectaculares y \u00fanicos mezclando una gastronom\u00eda de alta calidad, excelentes c\u00f3cteles, ambientes acogedores, m\u00fasica, dise\u00f1o y elegancia en sus restaurantes caracterizados por tener una atmosfera incre\u00edble y un look &amp; feel \u00fanico. Enjoy Group es conocido como uno de los mejores grupos de restauraci\u00f3n en las Islas Baleares. Una visita obligada cuando vienes a Mallorca de vacaciones. Esto es lo que somos y lo que hacemos, nuestro core business, conseguir que la gente; \u201cENJOY Life, ENJOY food, ENJOY experiences, ENJOY friends, Love, family, holidays, moments, beach, Mallorca\u201d.\" \/>\n<meta property=\"og:url\" content=\"https:\/\/enjoygroup.es\/de\/solo-vida-party-by-tomorroland\/\" \/>\n<meta property=\"og:site_name\" content=\"Enjoy Group\" \/>\n<meta property=\"article:publisher\" content=\"https:\/\/www.facebook.com\/enjoypalmademallorca\/\" \/>\n<meta property=\"article:modified_time\" content=\"2023-08-04T10:59:45+00:00\" \/>\n<meta property=\"og:image\" content=\"http:\/\/enjoygroup.es\/wp-content\/uploads\/SV-Bikkini.webp\" \/>\n<meta name=\"twitter:card\" content=\"summary_large_image\" \/>\n<meta name=\"twitter:label1\" content=\"Gesch\u00e4tzte Lesezeit\" \/>\n\t<meta name=\"twitter:data1\" content=\"2\u00a0Minuten\" \/>\n<script type=\"application\/ld+json\" class=\"yoast-schema-graph\">{\"@context\":\"https:\\\/\\\/schema.org\",\"@graph\":[{\"@type\":\"WebPage\",\"@id\":\"https:\\\/\\\/enjoygroup.es\\\/solo-vida-party-by-tomorroland\\\/\",\"url\":\"https:\\\/\\\/enjoygroup.es\\\/solo-vida-party-by-tomorroland\\\/\",\"name\":\"SOLO VIDA PARTY BY TOMORROLAND\",\"isPartOf\":{\"@id\":\"https:\\\/\\\/enjoygroup.es\\\/#website\"},\"primaryImageOfPage\":{\"@id\":\"https:\\\/\\\/enjoygroup.es\\\/solo-vida-party-by-tomorroland\\\/#primaryimage\"},\"image\":{\"@id\":\"https:\\\/\\\/enjoygroup.es\\\/solo-vida-party-by-tomorroland\\\/#primaryimage\"},\"thumbnailUrl\":\"http:\\\/\\\/enjoygroup.es\\\/wp-content\\\/uploads\\\/SV-Bikkini.webp\",\"datePublished\":\"2023-08-04T10:27:13+00:00\",\"dateModified\":\"2023-08-04T10:59:45+00:00\",\"description\":\"Enjoy Group Restaurants & More es un grupo de \u201cLifestyle Hospitality\u201d ubicado en las Islas Baleares en Palma de Mallorca. Especializado en brindar experiencias incre\u00edbles a todos los clientes a trav\u00e9s de sus locales espectaculares y \u00fanicos mezclando una gastronom\u00eda de alta calidad, excelentes c\u00f3cteles, ambientes acogedores, m\u00fasica, dise\u00f1o y elegancia en sus restaurantes caracterizados por tener una atmosfera incre\u00edble y un look & feel \u00fanico. Enjoy Group es conocido como uno de los mejores grupos de restauraci\u00f3n en las Islas Baleares. Una visita obligada cuando vienes a Mallorca de vacaciones. Esto es lo que somos y lo que hacemos, nuestro core business, conseguir que la gente; \u201cENJOY Life, ENJOY food, ENJOY experiences, ENJOY friends, Love, family, holidays, moments, beach, Mallorca\u201d.\",\"breadcrumb\":{\"@id\":\"https:\\\/\\\/enjoygroup.es\\\/solo-vida-party-by-tomorroland\\\/#breadcrumb\"},\"inLanguage\":\"de\",\"potentialAction\":[{\"@type\":\"ReadAction\",\"target\":[\"https:\\\/\\\/enjoygroup.es\\\/solo-vida-party-by-tomorroland\\\/\"]}]},{\"@type\":\"ImageObject\",\"inLanguage\":\"de\",\"@id\":\"https:\\\/\\\/enjoygroup.es\\\/solo-vida-party-by-tomorroland\\\/#primaryimage\",\"url\":\"http:\\\/\\\/enjoygroup.es\\\/wp-content\\\/uploads\\\/SV-Bikkini.webp\",\"contentUrl\":\"http:\\\/\\\/enjoygroup.es\\\/wp-content\\\/uploads\\\/SV-Bikkini.webp\"},{\"@type\":\"BreadcrumbList\",\"@id\":\"https:\\\/\\\/enjoygroup.es\\\/solo-vida-party-by-tomorroland\\\/#breadcrumb\",\"itemListElement\":[{\"@type\":\"ListItem\",\"position\":1,\"name\":\"Portada\",\"item\":\"https:\\\/\\\/enjoygroup.es\\\/\"},{\"@type\":\"ListItem\",\"position\":2,\"name\":\"SOLO VIDA PARTY BY TOMORROLAND\"}]},{\"@type\":\"WebSite\",\"@id\":\"https:\\\/\\\/enjoygroup.es\\\/#website\",\"url\":\"https:\\\/\\\/enjoygroup.es\\\/\",\"name\":\"Enjoy Group\",\"description\":\"Restaurants and More\",\"publisher\":{\"@id\":\"https:\\\/\\\/enjoygroup.es\\\/#organization\"},\"potentialAction\":[{\"@type\":\"SearchAction\",\"target\":{\"@type\":\"EntryPoint\",\"urlTemplate\":\"https:\\\/\\\/enjoygroup.es\\\/?s={search_term_string}\"},\"query-input\":{\"@type\":\"PropertyValueSpecification\",\"valueRequired\":true,\"valueName\":\"search_term_string\"}}],\"inLanguage\":\"de\"},{\"@type\":\"Organization\",\"@id\":\"https:\\\/\\\/enjoygroup.es\\\/#organization\",\"name\":\"Enjoy Group\",\"url\":\"https:\\\/\\\/enjoygroup.es\\\/\",\"logo\":{\"@type\":\"ImageObject\",\"inLanguage\":\"de\",\"@id\":\"https:\\\/\\\/enjoygroup.es\\\/#\\\/schema\\\/logo\\\/image\\\/\",\"url\":\"https:\\\/\\\/enjoygroup.es\\\/wp-content\\\/uploads\\\/2020\\\/08\\\/cropped-e-Favicon.png\",\"contentUrl\":\"https:\\\/\\\/enjoygroup.es\\\/wp-content\\\/uploads\\\/2020\\\/08\\\/cropped-e-Favicon.png\",\"width\":512,\"height\":512,\"caption\":\"Enjoy Group\"},\"image\":{\"@id\":\"https:\\\/\\\/enjoygroup.es\\\/#\\\/schema\\\/logo\\\/image\\\/\"},\"sameAs\":[\"https:\\\/\\\/www.facebook.com\\\/enjoypalmademallorca\\\/\",\"https:\\\/\\\/www.instagram.com\\\/enjoygroupmallorca\",\"https:\\\/\\\/www.linkedin.com\\\/in\\\/enjoy-group-86b04a197\\\/\",\"https:\\\/\\\/www.youtube.com\\\/channel\\\/UCiCgpzIEnF8RtMzzda2KNWg\\\/?guided_help_flow=5\"]}]}<\/script>\n<!-- \/ Yoast SEO plugin. -->","yoast_head_json":{"title":"SOLO VIDA PARTY BY TOMORROLAND","description":"Enjoy group restaurants &amp; more, ist eine Gruppe von \u201eLifestyle Hospitality\u201c auf den Balearen in Palma de Mallorca. Spezialisiert auf die Bereitstellung unglaublicher Erlebnisse f\u00fcr alle Kunden durch seine spektakul\u00e4ren und einzigartigen Veranstaltungsorte, die Mischung aus hochwertiger Gastronomie, exzellenten Cocktails, gem\u00fctlicher Atmosph\u00e4re, Musik, Design und Eleganz in seinen Restaurants, die sich durch eine unglaubliche Atmosph\u00e4re und ein einzigartiges Look &amp; Feel auszeichnen. Die Enjoy Group ist als eine der besten Restaurantgruppen der Balearen bekannt. Ein Muss, wenn Sie im Urlaub nach Mallorca kommen. Das ist, wer wir sind und was wir tun, unser Kerngesch\u00e4ft, Menschen zu gewinnen; &quot;GENIE\u00dfEN Sie das Leben, GENIESSEN Sie Essen, GENIESSEN Sie Erlebnisse, GENIESSEN Sie Freunde, Liebe, Familie, Urlaub, Momente, Strand, Mallorca&quot;.","robots":{"index":"index","follow":"follow","max-snippet":"max-snippet:-1","max-image-preview":"max-image-preview:large","max-video-preview":"max-video-preview:-1"},"canonical":"https:\/\/enjoygroup.es\/de\/solo-vida-party-by-tomorroland\/","og_locale":"de_DE","og_type":"article","og_title":"SOLO VIDA PARTY BY TOMORROLAND","og_description":"Enjoy Group Restaurants & More es un grupo de \u201cLifestyle Hospitality\u201d ubicado en las Islas Baleares en Palma de Mallorca. Especializado en brindar experiencias incre\u00edbles a todos los clientes a trav\u00e9s de sus locales espectaculares y \u00fanicos mezclando una gastronom\u00eda de alta calidad, excelentes c\u00f3cteles, ambientes acogedores, m\u00fasica, dise\u00f1o y elegancia en sus restaurantes caracterizados por tener una atmosfera incre\u00edble y un look & feel \u00fanico. Enjoy Group es conocido como uno de los mejores grupos de restauraci\u00f3n en las Islas Baleares. Una visita obligada cuando vienes a Mallorca de vacaciones. Esto es lo que somos y lo que hacemos, nuestro core business, conseguir que la gente; \u201cENJOY Life, ENJOY food, ENJOY experiences, ENJOY friends, Love, family, holidays, moments, beach, Mallorca\u201d.","og_url":"https:\/\/enjoygroup.es\/de\/solo-vida-party-by-tomorroland\/","og_site_name":"Enjoy Group","article_publisher":"https:\/\/www.facebook.com\/enjoypalmademallorca\/","article_modified_time":"2023-08-04T10:59:45+00:00","og_image":[{"url":"http:\/\/enjoygroup.es\/wp-content\/uploads\/SV-Bikkini.webp","type":"","width":"","height":""}],"twitter_card":"summary_large_image","twitter_misc":{"Gesch\u00e4tzte Lesezeit":"2\u00a0Minuten"},"schema":{"@context":"https:\/\/schema.org","@graph":[{"@type":"WebPage","@id":"https:\/\/enjoygroup.es\/solo-vida-party-by-tomorroland\/","url":"https:\/\/enjoygroup.es\/solo-vida-party-by-tomorroland\/","name":"SOLO VIDA PARTY BY TOMORROLAND","isPartOf":{"@id":"https:\/\/enjoygroup.es\/#website"},"primaryImageOfPage":{"@id":"https:\/\/enjoygroup.es\/solo-vida-party-by-tomorroland\/#primaryimage"},"image":{"@id":"https:\/\/enjoygroup.es\/solo-vida-party-by-tomorroland\/#primaryimage"},"thumbnailUrl":"http:\/\/enjoygroup.es\/wp-content\/uploads\/SV-Bikkini.webp","datePublished":"2023-08-04T10:27:13+00:00","dateModified":"2023-08-04T10:59:45+00:00","description":"Enjoy group restaurants &amp; more, ist eine Gruppe von \u201eLifestyle Hospitality\u201c auf den Balearen in Palma de Mallorca. Spezialisiert auf die Bereitstellung unglaublicher Erlebnisse f\u00fcr alle Kunden durch seine spektakul\u00e4ren und einzigartigen Veranstaltungsorte, die Mischung aus hochwertiger Gastronomie, exzellenten Cocktails, gem\u00fctlicher Atmosph\u00e4re, Musik, Design und Eleganz in seinen Restaurants, die sich durch eine unglaubliche Atmosph\u00e4re und ein einzigartiges Look &amp; Feel auszeichnen. Die Enjoy Group ist als eine der besten Restaurantgruppen der Balearen bekannt. Ein Muss, wenn Sie im Urlaub nach Mallorca kommen. Das ist, wer wir sind und was wir tun, unser Kerngesch\u00e4ft, Menschen zu gewinnen; &quot;GENIE\u00dfEN Sie das Leben, GENIESSEN Sie Essen, GENIESSEN Sie Erlebnisse, GENIESSEN Sie Freunde, Liebe, Familie, Urlaub, Momente, Strand, Mallorca&quot;.","breadcrumb":{"@id":"https:\/\/enjoygroup.es\/solo-vida-party-by-tomorroland\/#breadcrumb"},"inLanguage":"de","potentialAction":[{"@type":"ReadAction","target":["https:\/\/enjoygroup.es\/solo-vida-party-by-tomorroland\/"]}]},{"@type":"ImageObject","inLanguage":"de","@id":"https:\/\/enjoygroup.es\/solo-vida-party-by-tomorroland\/#primaryimage","url":"http:\/\/enjoygroup.es\/wp-content\/uploads\/SV-Bikkini.webp","contentUrl":"http:\/\/enjoygroup.es\/wp-content\/uploads\/SV-Bikkini.webp"},{"@type":"BreadcrumbList","@id":"https:\/\/enjoygroup.es\/solo-vida-party-by-tomorroland\/#breadcrumb","itemListElement":[{"@type":"ListItem","position":1,"name":"Portada","item":"https:\/\/enjoygroup.es\/"},{"@type":"ListItem","position":2,"name":"SOLO VIDA PARTY BY TOMORROLAND"}]},{"@type":"WebSite","@id":"https:\/\/enjoygroup.es\/#website","url":"https:\/\/enjoygroup.es\/","name":"Gruppe genie\u00dfen","description":"Restaurants und mehr","publisher":{"@id":"https:\/\/enjoygroup.es\/#organization"},"potentialAction":[{"@type":"SearchAction","target":{"@type":"EntryPoint","urlTemplate":"https:\/\/enjoygroup.es\/?s={search_term_string}"},"query-input":{"@type":"PropertyValueSpecification","valueRequired":true,"valueName":"search_term_string"}}],"inLanguage":"de"},{"@type":"Organization","@id":"https:\/\/enjoygroup.es\/#organization","name":"Gruppe genie\u00dfen","url":"https:\/\/enjoygroup.es\/","logo":{"@type":"ImageObject","inLanguage":"de","@id":"https:\/\/enjoygroup.es\/#\/schema\/logo\/image\/","url":"https:\/\/enjoygroup.es\/wp-content\/uploads\/2020\/08\/cropped-e-Favicon.png","contentUrl":"https:\/\/enjoygroup.es\/wp-content\/uploads\/2020\/08\/cropped-e-Favicon.png","width":512,"height":512,"caption":"Enjoy Group"},"image":{"@id":"https:\/\/enjoygroup.es\/#\/schema\/logo\/image\/"},"sameAs":["https:\/\/www.facebook.com\/enjoypalmademallorca\/","https:\/\/www.instagram.com\/enjoygroupmallorca","https:\/\/www.linkedin.com\/in\/enjoy-group-86b04a197\/","https:\/\/www.youtube.com\/channel\/UCiCgpzIEnF8RtMzzda2KNWg\/?guided_help_flow=5"]}]}},"_links":{"self":[{"href":"https:\/\/enjoygroup.es\/de\/wp-json\/wp\/v2\/pages\/32335","targetHints":{"allow":["GET"]}}],"collection":[{"href":"https:\/\/enjoygroup.es\/de\/wp-json\/wp\/v2\/pages"}],"about":[{"href":"https:\/\/enjoygroup.es\/de\/wp-json\/wp\/v2\/types\/page"}],"author":[{"embeddable":true,"href":"https:\/\/enjoygroup.es\/de\/wp-json\/wp\/v2\/users\/2"}],"replies":[{"embeddable":true,"href":"https:\/\/enjoygroup.es\/de\/wp-json\/wp\/v2\/comments?post=32335"}],"version-history":[{"count":0,"href":"https:\/\/enjoygroup.es\/de\/wp-json\/wp\/v2\/pages\/32335\/revisions"}],"wp:attachment":[{"href":"https:\/\/enjoygroup.es\/de\/wp-json\/wp\/v2\/media?parent=32335"}],"curies":[{"name":"wp","href":"https:\/\/api.w.org\/{rel}","templated":true}]}}