{"id":32868,"date":"2023-09-28T15:03:12","date_gmt":"2023-09-28T13:03:12","guid":{"rendered":"https:\/\/enjoygroup.es\/?page_id=32868"},"modified":"2023-09-28T15:20:44","modified_gmt":"2023-09-28T13:20:44","slug":"ramonbilbao-gingerbeach-voucher","status":"publish","type":"page","link":"https:\/\/enjoygroup.es\/en\/ramonbilbao-gingerbeach-voucher\/","title":{"rendered":"Oferta Ramon Bilbao &#8211; Ginger Beach &#8211; VOUCHER"},"content":{"rendered":"<div data-elementor-type=\"wp-page\" data-elementor-id=\"32868\" class=\"elementor elementor-32868\" data-elementor-post-type=\"page\">\n\t\t\t\t<div class=\"elementor-element elementor-element-4b740b18 e-flex e-con-boxed e-con e-parent\" data-id=\"4b740b18\" data-element_type=\"container\" data-e-type=\"container\">\n\t\t\t\t\t<div class=\"e-con-inner\">\n\t\t<div class=\"elementor-element elementor-element-19f665b8 e-flex e-con-boxed elementor-invisible e-con e-child\" data-id=\"19f665b8\" data-element_type=\"container\" data-e-type=\"container\" data-settings=\"{&quot;background_background&quot;:&quot;classic&quot;,&quot;animation&quot;:&quot;flash&quot;}\">\n\t\t\t\t\t<div class=\"e-con-inner\">\n\t\t\t\t<div class=\"elementor-element elementor-element-1ff03254 elementor-view-default elementor-widget elementor-widget-icon\" data-id=\"1ff03254\" data-element_type=\"widget\" data-e-type=\"widget\" data-widget_type=\"icon.default\">\n\t\t\t\t<div class=\"elementor-widget-container\">\n\t\t\t\t\t\t\t<div class=\"elementor-icon-wrapper\">\n\t\t\t<div class=\"elementor-icon\">\n\t\t\t<svg xmlns=\"http:\/\/www.w3.org\/2000\/svg\" viewbox=\"0 0 87.87 82.82\"><g id=\"Capa_2\" data-name=\"Capa 2\"><g id=\"Capa_1-2\" data-name=\"Capa 1\"><path d=\"M12.18,67.69c-.5,3.64-1.23,7.22-1.95,10.81A8.89,8.89,0,0,1,9,81.36c-1.28,2-4.13,1.9-5.87-.28a7.58,7.58,0,0,1-1.06-2.47c-.39-1.68-.44-3.36-.89-5C.34,70.71.34,67.69.12,64.72a91.45,91.45,0,0,1,.16-11c.12-3.47.29-7,.68-10.36s1-6.62,1.62-9.86A28,28,0,0,1,4.25,28.7c.67-1.79,4.41-2.58,5.7-1.18.84.17,3.57,2.75,3.13,3.64a.32.32,0,0,1-.34.23c-1,.5-1.67-.9-2.34-1.18a10.65,10.65,0,0,1-1-.73c-1.9-1.23-3.35-.72-3.91,1.57-.84,3.2-1.56,6.39-2.18,9.64a54.88,54.88,0,0,0-.78,6.61c-.28,2.91-.56,5.88-.67,8.79-.11,2.18.22,4.37.11,6.5A61.09,61.09,0,0,0,3.19,75,21.42,21.42,0,0,0,4.7,79.51a2.28,2.28,0,0,0,1.56,1.23,1.71,1.71,0,0,0,1.57-1.46c.83-3.75,1.9-7.5,2.57-11.31.5-2.91.55-5.94.78-9.19a31,31,0,0,1-3.41-.23c-.56-.11-1.56-.56-1.56-.83a1.34,1.34,0,0,1,1.67-1.41c1.34.17,2.79.12,4.14.4a1.92,1.92,0,0,1,1.11,1.34c-.22,3.25-.5,6.44-1,9.64\"><\/path><path d=\"M18.61,45.34c-.11,3.75-.06,7.44-.11,11.14-.06,3.31-.23,6.67-.28,10,0,1.46.16,3,.22,4.43.06,3.58.17,7.17.11,10.75,0,.45-.61,1.18-.95,1.18-.67,0-1.17-.45-1.12-1.4.12-3.75.17-7.56.17-11.31,0-4.21,0-8.41,0-12.55,0-3,0-6,0-9.08.11-3.41.39-6.83.45-10.25s-.11-6.61-.23-9.91c0-.79.17-1.51,1.12-1.51s.84.78.9,1.39c.11,1.29.22,2.64.33,3.93h-.06c-.22,4.42-.39,8.85-.55,13.22\"><\/path><path d=\"M25.76,37.27c0,2.24,0,4.42.11,6.61,0,1.12.11,2.24.11,3.42,0,4.2,0,8.46.06,12.71.05,3,.33,6.11.44,9.19.11,3.64.17,7.34.34,11,.05.95-.45,1.34-1.18,1.34-.33,0-1-.56-.94-.78.67-3.47,0-6.95-.06-10.36,0-2.3-.17-12-.22-13.67-.11-3.59-.06-7.17-.06-10.82,0-1.79.11-3.64.06-5.43,0-1.34-.28-2.69-.34-4.09C24,34.24,24,32.12,23.91,30a4.69,4.69,0,0,0-.11-1c-.22-.78-.22-1.45.67-1.68s1.57-.16,2,.9c.72,2,1.73,4,2.29,6.1,1.06,3.82,1.9,7.68,2.79,11.54C32.8,51.27,34.14,56.65,35.37,62c.72,3.36,1.22,6.78,1.84,10.14a2.08,2.08,0,0,0,.72,1.29c0-2.53,0-5,.06-7.57,0-1.28.22-2.63.22-4,0-1.51-.22-3-.22-4.53-.06-3.3-.06-6.56-.06-9.86,0-4.31,0-8.63.06-12.89,0-2.23.06-4.42.22-6.66.06-.39.62-.78.9-1.18.28.4.72.79.72,1.12,0,4.21-.22,8.41-.22,12.61s-.06,8.62,0,12.94c0,2.8.22,5.66.28,8.51V81.08c0,1-.28,1.62-1.29,1.73A2.09,2.09,0,0,1,36.7,81c-.33-3.08-.61-6.16-1.11-9.18-.62-3.59-1.34-7.12-2.12-10.65-.23-1.18-.73-2.35-1-3.58-.33-1.4-.56-2.92-.89-4.37-.78-3.64-1.46-7.29-2.35-10.93-.61-2.69-1.45-5.32-2.18-7.9-.22-.72-.61-1.4-.89-2.07h-.39Z\"><\/path><path d=\"M57,67.69c-.5,3.64-1.23,7.22-1.95,10.81a8.67,8.67,0,0,1-1.23,2.86c-1.29,2-4.13,1.9-5.87-.28a7.8,7.8,0,0,1-1.06-2.47c-.39-1.68-.44-3.36-.89-5-.84-2.91-.84-5.93-1.06-8.9a91.45,91.45,0,0,1,.16-11c.12-3.47.28-7,.68-10.36s.94-6.62,1.62-9.86a28,28,0,0,1,1.67-4.82c.67-1.79,4.41-2.58,5.7-1.18.83.17,3.57,2.75,3.13,3.64a.32.32,0,0,1-.34.23c-1,.5-1.67-.9-2.34-1.18a10.65,10.65,0,0,1-1-.73c-1.9-1.23-3.35-.72-3.91,1.57-.84,3.2-1.56,6.39-2.18,9.64a54.88,54.88,0,0,0-.78,6.61c-.28,2.91-.56,5.88-.67,8.79-.11,2.18.22,4.37.11,6.5A61.09,61.09,0,0,0,48,75a21.42,21.42,0,0,0,1.51,4.54,2.28,2.28,0,0,0,1.56,1.23,1.71,1.71,0,0,0,1.57-1.46c.83-3.75,1.9-7.5,2.57-11.31.5-2.91.55-5.94.78-9.19a31,31,0,0,1-3.41-.23C52,58.44,51,58,51,57.72a1.34,1.34,0,0,1,1.67-1.41c1.34.17,2.8.12,4.14.4a1.92,1.92,0,0,1,1.11,1.34c-.22,3.25-.5,6.44-1,9.64\"><\/path><path d=\"M63.86,44.16a39.62,39.62,0,0,0,4.3-.5c.83-.18,1.17.16,1.28.67a1.07,1.07,0,0,1-1,1.34l-3.74.17c-.73,0-1,.28-1,1-.06,3.58-.17,7.11-.22,10.7-.12,5.6-.17,11.2-.28,16.8v5c0,.67.11,1,1.06,1a14,14,0,0,1,4,.61c.39.12.62.78.9,1.18-.39.22-.73.67-1.12.67a30.07,30.07,0,0,1-3.13-.28l-1-.17c-2.73-.28-2.68-.28-2.57-3.13.12-2.53.12-5,.23-7.57s.22-5.09.22-7.62c.06-3.81-.06-7.56.06-11.37s.33-7.39.39-11.09c0-4-.06-7.95-.06-11.93,0-.62-.28-1.4,0-1.74a2.86,2.86,0,0,1,1.84-1c2-.11,4-.06,6-.11.73,0,1.34.11,1.4.94S70.9,29,70.06,29h-6.2Z\"><\/path><path d=\"M81.56,38.17c.39-4.71-2-7-4.69-8.41-.22,5-.39,10-.62,15,2.3-.39,5.09-4.09,5.31-6.55M79.83,50.88C80.89,54.52,82,58.16,83,61.81s1.79,7.11,2.68,10.64c.67,2.69,1.34,5.32,2,8a8.66,8.66,0,0,0,.17,1.12c.11.62.11,1.18-.73,1.29s-1.17-.28-1.28-1.12a51.27,51.27,0,0,0-1-5.82c-.89-3.64-2-7.23-3-10.82s-2.06-7.45-3.13-11.14a44.14,44.14,0,0,0-2.29-6.11,5,5,0,0,0-.17.84c0,2.91,0,5.88,0,8.85,0,2.52,0,5,0,7.56,0,1.12.23,2.24.23,3.37,0,1.73-.23,3.52-.17,5.26.06,2.57.28,5.1.5,7.62.06.73.17,1.4-.78,1.4s-1.28-.39-1.28-1.34c0-3-.06-6.06-.17-9-.06-2.68-.17-5.31-.17-8,0-3.42.17-6.78.17-10.2s-.22-6.61-.17-9.92c0-2,.45-4,.51-6,.17-3.42.11-6.78.17-10.14a5.35,5.35,0,0,1,.49-1.23,6.14,6.14,0,0,1,1.12.55,3.15,3.15,0,0,1,.84.56c1.23,1,2.4,1.91,3.63,2.86,1.45,1.07,1.68,2.75,2.07,4.31,1.06,4-.78,7.06-3.3,9.86a1,1,0,0,1-.39.34L78.38,46c.5,1.68,1,3.3,1.45,4.93\"><\/path><path d=\"M17.6,12.72l.75-.12L19.22.5h.12l.25.12c.45,3.56-.21,7.77.25,11.23h.62l.25-.12Q20.85,5.87,21,0h.38c0,4,1.63,12.49.49,15.72-.53,1.53-2.1,2.64-3.23,3.62,0,2.25.5,8.59-.37,9.73L16.86,28V19.09c-.61-1.39-2.46-1.82-2.87-3.75l.25-5.24c.52-3.41.15-6.78.75-9.85h.12L15.74,12h.49q.25-5.62.5-11.23c.13-.17.25-.34.38-.5l.24.12q.13,6.18.25,12.35\"><\/path><path d=\"M16.54,27.31a7,7,0,0,0-1.78-3.88,4.24,4.24,0,0,1-2.11,2.38c-1.6.72-3.52.53-5.83-2.1-1.93-2.19-3-2.7-4.19-2.7a14.75,14.75,0,0,1,4-2.56c2.39-.88,5.11-.85,6.73.46s1.71,2.18,1.65,3.2c-3.37-2.73-7.63-3.13-10.17-2a10.6,10.6,0,0,1,6.28.3A11.34,11.34,0,0,1,15,22.73l0,.12c1.62,1.42,1.9,4.46,1.9,4.46s0,2.58-.3,0m8.6-2.75c-.8,2-1.88,2.52-3,2.44a2.71,2.71,0,0,1-2-1.3,7.07,7.07,0,0,1,1.74-2.14,6.53,6.53,0,0,1,3.59-1.5A6.5,6.5,0,0,0,20,25.37a2.08,2.08,0,0,1,.29-2.21,4.48,4.48,0,0,1,3.83-1.69,8.75,8.75,0,0,1,2.89.64c-.7.25-1.21.77-1.88,2.45\"><\/path><\/g><\/g><\/svg>\t\t\t<\/div>\n\t\t<\/div>\n\t\t\t\t\t\t<\/div>\n\t\t\t\t<\/div>\n\t\t\t\t<div class=\"elementor-element elementor-element-33fca2c0 elementor-widget elementor-widget-heading\" data-id=\"33fca2c0\" data-element_type=\"widget\" data-e-type=\"widget\" data-widget_type=\"heading.default\">\n\t\t\t\t<div class=\"elementor-widget-container\">\n\t\t\t\t\t<h2 class=\"elementor-heading-title elementor-size-default\">HERE IS YOUR RAMON BILBAO OFFER!<\/h2>\t\t\t\t<\/div>\n\t\t\t\t<\/div>\n\t\t\t\t<div class=\"elementor-element elementor-element-ef404c2 elementor-widget elementor-widget-text-editor\" data-id=\"ef404c2\" data-element_type=\"widget\" data-e-type=\"widget\" data-widget_type=\"text-editor.default\">\n\t\t\t\t<div class=\"elementor-widget-container\">\n\t\t\t\t\t\t\t\t\t<p><strong>Take a screenshot<\/strong> and show this offer when you arrive at the restaurant.<\/p><p>You will receive the offer directly at <strong>Ginger Beach!<\/strong><\/p>\t\t\t\t\t\t\t\t<\/div>\n\t\t\t\t<\/div>\n\t\t\t\t<div class=\"elementor-element elementor-element-7d7d9da1 elementor-widget elementor-widget-text-editor\" data-id=\"7d7d9da1\" data-element_type=\"widget\" data-e-type=\"widget\" data-widget_type=\"text-editor.default\">\n\t\t\t\t<div class=\"elementor-widget-container\">\n\t\t\t\t\t\t\t\t\t<p>This offer cannot be combined or redeemed with any other offer.<br \/>This offer is only valid with a minimum spend of \u20ac40 per person (minimum 2 people).<br \/>Offer valid only for the months of October and November 2023.<\/p>\t\t\t\t\t\t\t\t<\/div>\n\t\t\t\t<\/div>\n\t\t\t\t<div class=\"elementor-element elementor-element-769b83c5 elementor-align-justify elementor-widget__width-initial elementor-widget elementor-widget-button\" data-id=\"769b83c5\" data-element_type=\"widget\" data-e-type=\"widget\" data-widget_type=\"button.default\">\n\t\t\t\t<div class=\"elementor-widget-container\">\n\t\t\t\t\t\t\t\t\t<div class=\"elementor-button-wrapper\">\n\t\t\t\t\t<a class=\"elementor-button elementor-button-link elementor-size-sm\" href=\"https:\/\/enjoygroup.es\/en\/ginger-beach\/#reservar\" target=\"_blank\">\n\t\t\t\t\t\t<span class=\"elementor-button-content-wrapper\">\n\t\t\t\t\t\t\t\t\t<span class=\"elementor-button-text\">BOOK NOW<\/span>\n\t\t\t\t\t<\/span>\n\t\t\t\t\t<\/a>\n\t\t\t\t<\/div>\n\t\t\t\t\t\t\t\t<\/div>\n\t\t\t\t<\/div>\n\t\t\t\t\t<\/div>\n\t\t\t\t<\/div>\n\t\t\t\t\t<\/div>\n\t\t\t\t<\/div>\n\t\t\t\t<\/div>","protected":false},"excerpt":{"rendered":"<p>\u00a1AQU\u00cd TIENES TU OFERTA RAM\u00d3N BILBAO! Haz una captura de pantalla y muestra esta oferta cuando llegues al restaurante. \u00a1Recibir\u00e1s la oferta directamente en Ginger Beach! Esta oferta no se puede combinar ni canjear con ninguna otra oferta.Esta oferta solo es v\u00e1lida con un gasto m\u00ednimo de 40\u20ac por persona (m\u00ednimo 2 personas).Oferta v\u00e1lida solo &#8230; <a title=\"Oferta Ramon Bilbao &#8211; Ginger Beach &#8211; VOUCHER\" class=\"read-more\" href=\"https:\/\/enjoygroup.es\/en\/ramonbilbao-gingerbeach-voucher\/\" aria-label=\"Read more about Oferta Ramon Bilbao &#8211; Ginger Beach &#8211; VOUCHER\">Read more<\/a><\/p>","protected":false},"author":2,"featured_media":0,"parent":0,"menu_order":0,"comment_status":"closed","ping_status":"closed","template":"elementor_canvas","meta":{"inline_featured_image":false,"footnotes":""},"class_list":["post-32868","page","type-page","status-publish"],"yoast_head":"<!-- This site is optimized with the Yoast SEO plugin v27.3 - https:\/\/yoast.com\/product\/yoast-seo-wordpress\/ -->\n<title>Oferta Ramon Bilbao - Ginger Beach - VOUCHER<\/title>\n<meta name=\"description\" content=\"Enjoy Group Restaurants &amp; More es un grupo de \u201cLifestyle Hospitality\u201d ubicado en las Islas Baleares en Palma de Mallorca. Especializado en brindar experiencias incre\u00edbles a todos los clientes a trav\u00e9s de sus locales espectaculares y \u00fanicos mezclando una gastronom\u00eda de alta calidad, excelentes c\u00f3cteles, ambientes acogedores, m\u00fasica, dise\u00f1o y elegancia en sus restaurantes caracterizados por tener una atmosfera incre\u00edble y un look &amp; feel \u00fanico. Enjoy Group es conocido como uno de los mejores grupos de restauraci\u00f3n en las Islas Baleares. Una visita obligada cuando vienes a Mallorca de vacaciones. Esto es lo que somos y lo que hacemos, nuestro core business, conseguir que la gente; \u201cENJOY Life, ENJOY food, ENJOY experiences, ENJOY friends, Love, family, holidays, moments, beach, Mallorca\u201d.\" \/>\n<meta name=\"robots\" content=\"index, follow, max-snippet:-1, max-image-preview:large, max-video-preview:-1\" \/>\n<link rel=\"canonical\" href=\"https:\/\/enjoygroup.es\/en\/ramonbilbao-gingerbeach-voucher\/\" \/>\n<meta property=\"og:locale\" content=\"en_GB\" \/>\n<meta property=\"og:type\" content=\"article\" \/>\n<meta property=\"og:title\" content=\"Oferta Ramon Bilbao - Ginger Beach - VOUCHER\" \/>\n<meta property=\"og:description\" content=\"Enjoy Group Restaurants &amp; More es un grupo de \u201cLifestyle Hospitality\u201d ubicado en las Islas Baleares en Palma de Mallorca. Especializado en brindar experiencias incre\u00edbles a todos los clientes a trav\u00e9s de sus locales espectaculares y \u00fanicos mezclando una gastronom\u00eda de alta calidad, excelentes c\u00f3cteles, ambientes acogedores, m\u00fasica, dise\u00f1o y elegancia en sus restaurantes caracterizados por tener una atmosfera incre\u00edble y un look &amp; feel \u00fanico. Enjoy Group es conocido como uno de los mejores grupos de restauraci\u00f3n en las Islas Baleares. Una visita obligada cuando vienes a Mallorca de vacaciones. Esto es lo que somos y lo que hacemos, nuestro core business, conseguir que la gente; \u201cENJOY Life, ENJOY food, ENJOY experiences, ENJOY friends, Love, family, holidays, moments, beach, Mallorca\u201d.\" \/>\n<meta property=\"og:url\" content=\"https:\/\/enjoygroup.es\/en\/ramonbilbao-gingerbeach-voucher\/\" \/>\n<meta property=\"og:site_name\" content=\"Enjoy Group\" \/>\n<meta property=\"article:publisher\" content=\"https:\/\/www.facebook.com\/enjoypalmademallorca\/\" \/>\n<meta property=\"article:modified_time\" content=\"2023-09-28T13:20:44+00:00\" \/>\n<meta property=\"og:image\" content=\"https:\/\/enjoygroup.es\/wp-content\/uploads\/2020\/08\/cropped-e-Favicon.png\" \/>\n\t<meta property=\"og:image:width\" content=\"512\" \/>\n\t<meta property=\"og:image:height\" content=\"512\" \/>\n\t<meta property=\"og:image:type\" content=\"image\/png\" \/>\n<meta name=\"twitter:card\" content=\"summary_large_image\" \/>\n<meta name=\"twitter:label1\" content=\"Estimated reading time\" \/>\n\t<meta name=\"twitter:data1\" content=\"1 minute\" \/>\n<script type=\"application\/ld+json\" class=\"yoast-schema-graph\">{\"@context\":\"https:\\\/\\\/schema.org\",\"@graph\":[{\"@type\":\"WebPage\",\"@id\":\"https:\\\/\\\/enjoygroup.es\\\/ramonbilbao-gingerbeach-voucher\\\/\",\"url\":\"https:\\\/\\\/enjoygroup.es\\\/ramonbilbao-gingerbeach-voucher\\\/\",\"name\":\"Oferta Ramon Bilbao - Ginger Beach - VOUCHER\",\"isPartOf\":{\"@id\":\"https:\\\/\\\/enjoygroup.es\\\/#website\"},\"datePublished\":\"2023-09-28T13:03:12+00:00\",\"dateModified\":\"2023-09-28T13:20:44+00:00\",\"description\":\"Enjoy Group Restaurants & More es un grupo de \u201cLifestyle Hospitality\u201d ubicado en las Islas Baleares en Palma de Mallorca. Especializado en brindar experiencias incre\u00edbles a todos los clientes a trav\u00e9s de sus locales espectaculares y \u00fanicos mezclando una gastronom\u00eda de alta calidad, excelentes c\u00f3cteles, ambientes acogedores, m\u00fasica, dise\u00f1o y elegancia en sus restaurantes caracterizados por tener una atmosfera incre\u00edble y un look & feel \u00fanico. Enjoy Group es conocido como uno de los mejores grupos de restauraci\u00f3n en las Islas Baleares. Una visita obligada cuando vienes a Mallorca de vacaciones. Esto es lo que somos y lo que hacemos, nuestro core business, conseguir que la gente; \u201cENJOY Life, ENJOY food, ENJOY experiences, ENJOY friends, Love, family, holidays, moments, beach, Mallorca\u201d.\",\"breadcrumb\":{\"@id\":\"https:\\\/\\\/enjoygroup.es\\\/ramonbilbao-gingerbeach-voucher\\\/#breadcrumb\"},\"inLanguage\":\"en-GB\",\"potentialAction\":[{\"@type\":\"ReadAction\",\"target\":[\"https:\\\/\\\/enjoygroup.es\\\/ramonbilbao-gingerbeach-voucher\\\/\"]}]},{\"@type\":\"BreadcrumbList\",\"@id\":\"https:\\\/\\\/enjoygroup.es\\\/ramonbilbao-gingerbeach-voucher\\\/#breadcrumb\",\"itemListElement\":[{\"@type\":\"ListItem\",\"position\":1,\"name\":\"Portada\",\"item\":\"https:\\\/\\\/enjoygroup.es\\\/\"},{\"@type\":\"ListItem\",\"position\":2,\"name\":\"Oferta Ramon Bilbao &#8211; Ginger Beach &#8211; VOUCHER\"}]},{\"@type\":\"WebSite\",\"@id\":\"https:\\\/\\\/enjoygroup.es\\\/#website\",\"url\":\"https:\\\/\\\/enjoygroup.es\\\/\",\"name\":\"Enjoy Group\",\"description\":\"Restaurants and More\",\"publisher\":{\"@id\":\"https:\\\/\\\/enjoygroup.es\\\/#organization\"},\"potentialAction\":[{\"@type\":\"SearchAction\",\"target\":{\"@type\":\"EntryPoint\",\"urlTemplate\":\"https:\\\/\\\/enjoygroup.es\\\/?s={search_term_string}\"},\"query-input\":{\"@type\":\"PropertyValueSpecification\",\"valueRequired\":true,\"valueName\":\"search_term_string\"}}],\"inLanguage\":\"en-GB\"},{\"@type\":\"Organization\",\"@id\":\"https:\\\/\\\/enjoygroup.es\\\/#organization\",\"name\":\"Enjoy Group\",\"url\":\"https:\\\/\\\/enjoygroup.es\\\/\",\"logo\":{\"@type\":\"ImageObject\",\"inLanguage\":\"en-GB\",\"@id\":\"https:\\\/\\\/enjoygroup.es\\\/#\\\/schema\\\/logo\\\/image\\\/\",\"url\":\"https:\\\/\\\/enjoygroup.es\\\/wp-content\\\/uploads\\\/2020\\\/08\\\/cropped-e-Favicon.png\",\"contentUrl\":\"https:\\\/\\\/enjoygroup.es\\\/wp-content\\\/uploads\\\/2020\\\/08\\\/cropped-e-Favicon.png\",\"width\":512,\"height\":512,\"caption\":\"Enjoy Group\"},\"image\":{\"@id\":\"https:\\\/\\\/enjoygroup.es\\\/#\\\/schema\\\/logo\\\/image\\\/\"},\"sameAs\":[\"https:\\\/\\\/www.facebook.com\\\/enjoypalmademallorca\\\/\",\"https:\\\/\\\/www.instagram.com\\\/enjoygroupmallorca\",\"https:\\\/\\\/www.linkedin.com\\\/in\\\/enjoy-group-86b04a197\\\/\",\"https:\\\/\\\/www.youtube.com\\\/channel\\\/UCiCgpzIEnF8RtMzzda2KNWg\\\/?guided_help_flow=5\"]}]}<\/script>\n<!-- \/ Yoast SEO plugin. -->","yoast_head_json":{"title":"Oferta Ramon Bilbao - Ginger Beach - VOUCHER","description":"Enjoy group restaurants &amp; more, is a group of &quot;Lifestyle Hospitality&quot; located in the Balearic Islands in Palma de Mallorca. Specialized in providing incredible experiences to all customers through its spectacular and unique venues, mixing high quality gastronomy, excellent cocktails, cozy atmospheres, music, design and elegance in its restaurants characterized by having an incredible atmosphere and a unique look &amp; feel. . Enjoy Group is known as one of the best restaurant groups in the Balearic Islands. A must when you come to Majorca on vacation. This is who we are and what we do, our core business, getting people; &quot;ENJOY Life, ENJOY food, ENJOY experiences, ENJOY friends, Love, family, holidays, moments, beach, Mallorca&quot;.","robots":{"index":"index","follow":"follow","max-snippet":"max-snippet:-1","max-image-preview":"max-image-preview:large","max-video-preview":"max-video-preview:-1"},"canonical":"https:\/\/enjoygroup.es\/en\/ramonbilbao-gingerbeach-voucher\/","og_locale":"en_GB","og_type":"article","og_title":"Oferta Ramon Bilbao - Ginger Beach - VOUCHER","og_description":"Enjoy Group Restaurants & More es un grupo de \u201cLifestyle Hospitality\u201d ubicado en las Islas Baleares en Palma de Mallorca. Especializado en brindar experiencias incre\u00edbles a todos los clientes a trav\u00e9s de sus locales espectaculares y \u00fanicos mezclando una gastronom\u00eda de alta calidad, excelentes c\u00f3cteles, ambientes acogedores, m\u00fasica, dise\u00f1o y elegancia en sus restaurantes caracterizados por tener una atmosfera incre\u00edble y un look & feel \u00fanico. Enjoy Group es conocido como uno de los mejores grupos de restauraci\u00f3n en las Islas Baleares. Una visita obligada cuando vienes a Mallorca de vacaciones. Esto es lo que somos y lo que hacemos, nuestro core business, conseguir que la gente; \u201cENJOY Life, ENJOY food, ENJOY experiences, ENJOY friends, Love, family, holidays, moments, beach, Mallorca\u201d.","og_url":"https:\/\/enjoygroup.es\/en\/ramonbilbao-gingerbeach-voucher\/","og_site_name":"Enjoy Group","article_publisher":"https:\/\/www.facebook.com\/enjoypalmademallorca\/","article_modified_time":"2023-09-28T13:20:44+00:00","og_image":[{"width":512,"height":512,"url":"https:\/\/enjoygroup.es\/wp-content\/uploads\/2020\/08\/cropped-e-Favicon.png","type":"image\/png"}],"twitter_card":"summary_large_image","twitter_misc":{"Estimated reading time":"1 minute"},"schema":{"@context":"https:\/\/schema.org","@graph":[{"@type":"WebPage","@id":"https:\/\/enjoygroup.es\/ramonbilbao-gingerbeach-voucher\/","url":"https:\/\/enjoygroup.es\/ramonbilbao-gingerbeach-voucher\/","name":"Oferta Ramon Bilbao - Ginger Beach - VOUCHER","isPartOf":{"@id":"https:\/\/enjoygroup.es\/#website"},"datePublished":"2023-09-28T13:03:12+00:00","dateModified":"2023-09-28T13:20:44+00:00","description":"Enjoy group restaurants &amp; more, is a group of &quot;Lifestyle Hospitality&quot; located in the Balearic Islands in Palma de Mallorca. Specialized in providing incredible experiences to all customers through its spectacular and unique venues, mixing high quality gastronomy, excellent cocktails, cozy atmospheres, music, design and elegance in its restaurants characterized by having an incredible atmosphere and a unique look &amp; feel. . Enjoy Group is known as one of the best restaurant groups in the Balearic Islands. A must when you come to Majorca on vacation. This is who we are and what we do, our core business, getting people; &quot;ENJOY Life, ENJOY food, ENJOY experiences, ENJOY friends, Love, family, holidays, moments, beach, Mallorca&quot;.","breadcrumb":{"@id":"https:\/\/enjoygroup.es\/ramonbilbao-gingerbeach-voucher\/#breadcrumb"},"inLanguage":"en-GB","potentialAction":[{"@type":"ReadAction","target":["https:\/\/enjoygroup.es\/ramonbilbao-gingerbeach-voucher\/"]}]},{"@type":"BreadcrumbList","@id":"https:\/\/enjoygroup.es\/ramonbilbao-gingerbeach-voucher\/#breadcrumb","itemListElement":[{"@type":"ListItem","position":1,"name":"Portada","item":"https:\/\/enjoygroup.es\/"},{"@type":"ListItem","position":2,"name":"Oferta Ramon Bilbao &#8211; Ginger Beach &#8211; VOUCHER"}]},{"@type":"WebSite","@id":"https:\/\/enjoygroup.es\/#website","url":"https:\/\/enjoygroup.es\/","name":"Enjoy Group","description":"Restaurants and More","publisher":{"@id":"https:\/\/enjoygroup.es\/#organization"},"potentialAction":[{"@type":"SearchAction","target":{"@type":"EntryPoint","urlTemplate":"https:\/\/enjoygroup.es\/?s={search_term_string}"},"query-input":{"@type":"PropertyValueSpecification","valueRequired":true,"valueName":"search_term_string"}}],"inLanguage":"en-GB"},{"@type":"Organization","@id":"https:\/\/enjoygroup.es\/#organization","name":"Enjoy Group","url":"https:\/\/enjoygroup.es\/","logo":{"@type":"ImageObject","inLanguage":"en-GB","@id":"https:\/\/enjoygroup.es\/#\/schema\/logo\/image\/","url":"https:\/\/enjoygroup.es\/wp-content\/uploads\/2020\/08\/cropped-e-Favicon.png","contentUrl":"https:\/\/enjoygroup.es\/wp-content\/uploads\/2020\/08\/cropped-e-Favicon.png","width":512,"height":512,"caption":"Enjoy Group"},"image":{"@id":"https:\/\/enjoygroup.es\/#\/schema\/logo\/image\/"},"sameAs":["https:\/\/www.facebook.com\/enjoypalmademallorca\/","https:\/\/www.instagram.com\/enjoygroupmallorca","https:\/\/www.linkedin.com\/in\/enjoy-group-86b04a197\/","https:\/\/www.youtube.com\/channel\/UCiCgpzIEnF8RtMzzda2KNWg\/?guided_help_flow=5"]}]}},"_links":{"self":[{"href":"https:\/\/enjoygroup.es\/en\/wp-json\/wp\/v2\/pages\/32868","targetHints":{"allow":["GET"]}}],"collection":[{"href":"https:\/\/enjoygroup.es\/en\/wp-json\/wp\/v2\/pages"}],"about":[{"href":"https:\/\/enjoygroup.es\/en\/wp-json\/wp\/v2\/types\/page"}],"author":[{"embeddable":true,"href":"https:\/\/enjoygroup.es\/en\/wp-json\/wp\/v2\/users\/2"}],"replies":[{"embeddable":true,"href":"https:\/\/enjoygroup.es\/en\/wp-json\/wp\/v2\/comments?post=32868"}],"version-history":[{"count":0,"href":"https:\/\/enjoygroup.es\/en\/wp-json\/wp\/v2\/pages\/32868\/revisions"}],"wp:attachment":[{"href":"https:\/\/enjoygroup.es\/en\/wp-json\/wp\/v2\/media?parent=32868"}],"curies":[{"name":"wp","href":"https:\/\/api.w.org\/{rel}","templated":true}]}}