{"id":32904,"date":"2023-09-28T15:22:14","date_gmt":"2023-09-28T13:22:14","guid":{"rendered":"https:\/\/enjoygroup.es\/?page_id=32904"},"modified":"2023-09-28T15:27:03","modified_gmt":"2023-09-28T13:27:03","slug":"ramonbilbao-chaletsiena","status":"publish","type":"page","link":"https:\/\/enjoygroup.es\/en\/ramonbilbao-chaletsiena\/","title":{"rendered":"Oferta Ramon Bilbao &#8211; Chalet Siena"},"content":{"rendered":"\t\t<div data-elementor-type=\"wp-page\" data-elementor-id=\"32904\" class=\"elementor elementor-32904\" data-elementor-post-type=\"page\">\n\t\t\t\t<div class=\"elementor-element elementor-element-bc61756 e-con-full e-flex e-con e-parent\" data-id=\"bc61756\" data-element_type=\"container\" data-e-type=\"container\" data-settings=\"{&quot;background_background&quot;:&quot;classic&quot;}\">\n\t\t\t\t<div class=\"elementor-element elementor-element-69f88a8 elementor-widget elementor-widget-image\" data-id=\"69f88a8\" data-element_type=\"widget\" data-e-type=\"widget\" data-widget_type=\"image.default\">\n\t\t\t\t<div class=\"elementor-widget-container\">\n\t\t\t\t\t\t\t\t\t\t\t\t\t\t\t<img fetchpriority=\"high\" decoding=\"async\" width=\"1080\" height=\"1080\" src=\"https:\/\/enjoygroup.es\/wp-content\/uploads\/RB_Mesa-de-trabajo-1.webp\" class=\"attachment-full size-full wp-image-32906\" alt=\"RB Mesa de trabajo 1\" srcset=\"https:\/\/enjoygroup.es\/wp-content\/uploads\/RB_Mesa-de-trabajo-1.webp 1080w, https:\/\/enjoygroup.es\/wp-content\/uploads\/RB_Mesa-de-trabajo-1-550x550.webp 550w, https:\/\/enjoygroup.es\/wp-content\/uploads\/RB_Mesa-de-trabajo-1-150x150.webp 150w, https:\/\/enjoygroup.es\/wp-content\/uploads\/RB_Mesa-de-trabajo-1-768x768.webp 768w, https:\/\/enjoygroup.es\/wp-content\/uploads\/RB_Mesa-de-trabajo-1-12x12.webp 12w\" sizes=\"(max-width: 1080px) 100vw, 1080px\" \/>\t\t\t\t\t\t\t\t\t\t\t\t\t\t\t<\/div>\n\t\t\t\t<\/div>\n\t\t\t\t<\/div>\n\t\t<div class=\"elementor-element elementor-element-7a451fa e-flex e-con-boxed e-con e-parent\" data-id=\"7a451fa\" data-element_type=\"container\" data-e-type=\"container\" data-settings=\"{&quot;background_background&quot;:&quot;classic&quot;}\">\n\t\t\t\t\t<div class=\"e-con-inner\">\n\t\t\t\t<div class=\"elementor-element elementor-element-612134d elementor-widget elementor-widget-text-editor\" data-id=\"612134d\" data-element_type=\"widget\" data-e-type=\"widget\" data-widget_type=\"text-editor.default\">\n\t\t\t\t<div class=\"elementor-widget-container\">\n\t\t\t\t\t\t\t\t\t<p>Te invitamos a una botella de Ram\u00f3n Bilbao<\/p>\t\t\t\t\t\t\t\t<\/div>\n\t\t\t\t<\/div>\n\t\t\t\t\t<\/div>\n\t\t\t\t<\/div>\n\t\t<div class=\"elementor-element elementor-element-fca2f34 e-flex e-con-boxed e-con e-parent\" data-id=\"fca2f34\" data-element_type=\"container\" data-e-type=\"container\" data-settings=\"{&quot;background_background&quot;:&quot;classic&quot;}\">\n\t\t\t\t\t<div class=\"e-con-inner\">\n\t\t\t\t<div class=\"elementor-element elementor-element-15ca57e elementor-widget elementor-widget-text-editor\" data-id=\"15ca57e\" data-element_type=\"widget\" data-e-type=\"widget\" data-widget_type=\"text-editor.default\">\n\t\t\t\t<div class=\"elementor-widget-container\">\n\t\t\t\t\t\t\t\t\t<p>\u00a1Descubre nuestra exquisita carta y disfruta de nuestros deliciosos platos maridados a la perfecci\u00f3n con una <strong>botella gratuita<\/strong> de Ram\u00f3n Bilbao (Blanco, Rosado o Tinto)! Te obsequiamos con una botella por cada mesa (m\u00ednimo 2 personas). Esta oferta requiere un consumo m\u00ednimo de 50\u20ac por persona en el restaurante. \u00a1Te esperamos!<\/p>\t\t\t\t\t\t\t\t<\/div>\n\t\t\t\t<\/div>\n\t\t\t\t\t<\/div>\n\t\t\t\t<\/div>\n\t\t<div class=\"elementor-element elementor-element-9ddbae2 e-flex e-con-boxed e-con e-parent\" data-id=\"9ddbae2\" data-element_type=\"container\" data-e-type=\"container\">\n\t\t\t\t\t<div class=\"e-con-inner\">\n\t\t\t\t<div class=\"elementor-element elementor-element-e2a8549 elementor-widget-mobile__width-initial elementor-button-align-stretch elementor-widget elementor-widget-form\" data-id=\"e2a8549\" data-element_type=\"widget\" data-e-type=\"widget\" data-settings=\"{&quot;step_next_label&quot;:&quot;Siguiente&quot;,&quot;step_previous_label&quot;:&quot;Anterior&quot;,&quot;button_width&quot;:&quot;100&quot;,&quot;step_type&quot;:&quot;number_text&quot;,&quot;step_icon_shape&quot;:&quot;circle&quot;}\" data-widget_type=\"form.default\">\n\t\t\t\t<div class=\"elementor-widget-container\">\n\t\t\t\t\t\t\t<form class=\"elementor-form\" method=\"post\" name=\"Nuevo formulario\" aria-label=\"Nuevo formulario\">\n\t\t\t<input type=\"hidden\" name=\"post_id\" value=\"32904\"\/>\n\t\t\t<input type=\"hidden\" name=\"form_id\" value=\"e2a8549\"\/>\n\t\t\t<input type=\"hidden\" name=\"referer_title\" value=\"Oferta Ramon Bilbao - Chalet Siena\" \/>\n\n\t\t\t\t\t\t\t<input type=\"hidden\" name=\"queried_id\" value=\"32904\"\/>\n\t\t\t\n\t\t\t<div class=\"elementor-form-fields-wrapper elementor-labels-above\">\n\t\t\t\t\t\t\t\t<div class=\"elementor-field-type-text elementor-field-group elementor-column elementor-field-group-name elementor-col-50\">\n\t\t\t\t\t\t\t\t\t\t\t\t<label for=\"form-field-name\" class=\"elementor-field-label\">\n\t\t\t\t\t\t\t\tNombre\t\t\t\t\t\t\t<\/label>\n\t\t\t\t\t\t\t\t\t\t\t\t\t\t<input size=\"1\" type=\"text\" name=\"form_fields[name]\" id=\"form-field-name\" class=\"elementor-field elementor-size-sm  elementor-field-textual\">\n\t\t\t\t\t\t\t\t\t\t\t<\/div>\n\t\t\t\t\t\t\t\t<div class=\"elementor-field-type-email elementor-field-group elementor-column elementor-field-group-email elementor-col-50 elementor-field-required\">\n\t\t\t\t\t\t\t\t\t\t\t\t<label for=\"form-field-email\" class=\"elementor-field-label\">\n\t\t\t\t\t\t\t\tEmail\t\t\t\t\t\t\t<\/label>\n\t\t\t\t\t\t\t\t\t\t\t\t\t\t<input size=\"1\" type=\"email\" name=\"form_fields[email]\" id=\"form-field-email\" class=\"elementor-field elementor-size-sm  elementor-field-textual\" required=\"required\">\n\t\t\t\t\t\t\t\t\t\t\t<\/div>\n\t\t\t\t\t\t\t\t<div class=\"elementor-field-group elementor-column elementor-field-type-submit elementor-col-100 e-form__buttons\">\n\t\t\t\t\t<button class=\"elementor-button elementor-size-sm\" type=\"submit\">\n\t\t\t\t\t\t<span class=\"elementor-button-content-wrapper\">\n\t\t\t\t\t\t\t\t\t\t\t\t\t\t\t\t\t\t\t\t\t\t<span class=\"elementor-button-text\">Canjear Oferta<\/span>\n\t\t\t\t\t\t\t\t\t\t\t\t\t<\/span>\n\t\t\t\t\t<\/button>\n\t\t\t\t<\/div>\n\t\t\t<\/div>\n\t\t<\/form>\n\t\t\t\t\t\t<\/div>\n\t\t\t\t<\/div>\n\t\t\t\t\t<\/div>\n\t\t\t\t<\/div>\n\t\t<div class=\"elementor-element elementor-element-8a8f235 e-flex e-con-boxed e-con e-parent\" data-id=\"8a8f235\" data-element_type=\"container\" data-e-type=\"container\">\n\t\t\t\t\t<div class=\"e-con-inner\">\n\t\t\t\t<div class=\"elementor-element elementor-element-be10b60 elementor-align-justify elementor-widget__width-initial elementor-widget elementor-widget-button\" data-id=\"be10b60\" data-element_type=\"widget\" data-e-type=\"widget\" data-widget_type=\"button.default\">\n\t\t\t\t<div class=\"elementor-widget-container\">\n\t\t\t\t\t\t\t\t\t<div class=\"elementor-button-wrapper\">\n\t\t\t\t\t<a class=\"elementor-button elementor-button-link elementor-size-sm\" href=\"https:\/\/enjoygroup.es\/chalet-siena\" target=\"_blank\">\n\t\t\t\t\t\t<span class=\"elementor-button-content-wrapper\">\n\t\t\t\t\t\t\t\t\t<span class=\"elementor-button-text\">CHALET SIENA<\/span>\n\t\t\t\t\t<\/span>\n\t\t\t\t\t<\/a>\n\t\t\t\t<\/div>\n\t\t\t\t\t\t\t\t<\/div>\n\t\t\t\t<\/div>\n\t\t\t\t<div class=\"elementor-element elementor-element-4cef776 elementor-align-justify elementor-widget__width-initial elementor-widget elementor-widget-button\" data-id=\"4cef776\" data-element_type=\"widget\" data-e-type=\"widget\" data-widget_type=\"button.default\">\n\t\t\t\t<div class=\"elementor-widget-container\">\n\t\t\t\t\t\t\t\t\t<div class=\"elementor-button-wrapper\">\n\t\t\t\t\t<a class=\"elementor-button elementor-button-link elementor-size-sm\" href=\"https:\/\/enjoygroup.es\/carta-chalet-siena\" target=\"_blank\">\n\t\t\t\t\t\t<span class=\"elementor-button-content-wrapper\">\n\t\t\t\t\t\t\t\t\t<span class=\"elementor-button-text\">CARTA<\/span>\n\t\t\t\t\t<\/span>\n\t\t\t\t\t<\/a>\n\t\t\t\t<\/div>\n\t\t\t\t\t\t\t\t<\/div>\n\t\t\t\t<\/div>\n\t\t\t\t<div class=\"elementor-element elementor-element-0e0272a elementor-align-justify elementor-widget__width-initial elementor-widget elementor-widget-button\" data-id=\"0e0272a\" data-element_type=\"widget\" data-e-type=\"widget\" data-widget_type=\"button.default\">\n\t\t\t\t<div class=\"elementor-widget-container\">\n\t\t\t\t\t\t\t\t\t<div class=\"elementor-button-wrapper\">\n\t\t\t\t\t<a class=\"elementor-button elementor-button-link elementor-size-sm\" href=\"https:\/\/www.google.es\/maps\/dir\/\/Chalet+Siena,+Carrer+de+la+Missi%C3%B3+de+San+Diego,+1,+07600+Palma,+Balearic+Islands\/@39.5154699,2.7435754,17z\/data=!4m16!1m6!3m5!1s0x12979251f87c923d:0x4c0ed926402e4e21!2sChalet+Siena!8m2!3d39.5154699!4d2.7457641!4m8!1m0!1m5!1m1!1s0x12979251f87c923d:0x4c0ed926402e4e21!2m2!1d2.7457641!2d39.5154699!3e2?hl=es\" target=\"_blank\">\n\t\t\t\t\t\t<span class=\"elementor-button-content-wrapper\">\n\t\t\t\t\t\t\t\t\t<span class=\"elementor-button-text\">LL\u00c9VAME<\/span>\n\t\t\t\t\t<\/span>\n\t\t\t\t\t<\/a>\n\t\t\t\t<\/div>\n\t\t\t\t\t\t\t\t<\/div>\n\t\t\t\t<\/div>\n\t\t\t\t<div class=\"elementor-element elementor-element-3b90e2c elementor-align-justify elementor-widget__width-initial elementor-widget elementor-widget-button\" data-id=\"3b90e2c\" data-element_type=\"widget\" data-e-type=\"widget\" data-widget_type=\"button.default\">\n\t\t\t\t<div class=\"elementor-widget-container\">\n\t\t\t\t\t\t\t\t\t<div class=\"elementor-button-wrapper\">\n\t\t\t\t\t<a class=\"elementor-button elementor-button-link elementor-size-sm\" href=\"https:\/\/bodegasramonbilbao.com\" target=\"_blank\">\n\t\t\t\t\t\t<span class=\"elementor-button-content-wrapper\">\n\t\t\t\t\t\t\t\t\t<span class=\"elementor-button-text\">+ INFO RAM\u00d3N BILBAO<\/span>\n\t\t\t\t\t<\/span>\n\t\t\t\t\t<\/a>\n\t\t\t\t<\/div>\n\t\t\t\t\t\t\t\t<\/div>\n\t\t\t\t<\/div>\n\t\t\t\t\t<\/div>\n\t\t\t\t<\/div>\n\t\t\t\t<\/div>\n\t\t","protected":false},"excerpt":{"rendered":"<p>Te invitamos a una botella de Ram\u00f3n Bilbao \u00a1Descubre nuestra exquisita carta y disfruta de nuestros deliciosos platos maridados a la perfecci\u00f3n con una botella gratuita de Ram\u00f3n Bilbao (Blanco, Rosado o Tinto)! Te obsequiamos con una botella por cada mesa (m\u00ednimo 2 personas). Esta oferta requiere un consumo m\u00ednimo de 50\u20ac por persona en &#8230; <a title=\"Oferta Ramon Bilbao &#8211; Chalet Siena\" class=\"read-more\" href=\"https:\/\/enjoygroup.es\/en\/ramonbilbao-chaletsiena\/\" aria-label=\"Read more about Oferta Ramon Bilbao &#8211; Chalet Siena\">Read more<\/a><\/p>","protected":false},"author":2,"featured_media":0,"parent":0,"menu_order":0,"comment_status":"closed","ping_status":"closed","template":"","meta":{"inline_featured_image":false,"footnotes":""},"class_list":["post-32904","page","type-page","status-publish"],"yoast_head":"<!-- This site is optimized with the Yoast SEO plugin v27.3 - https:\/\/yoast.com\/product\/yoast-seo-wordpress\/ -->\n<title>Oferta Ramon Bilbao - Chalet Siena<\/title>\n<meta name=\"description\" content=\"Enjoy Group Restaurants &amp; More es un grupo de \u201cLifestyle Hospitality\u201d ubicado en las Islas Baleares en Palma de Mallorca. Especializado en brindar experiencias incre\u00edbles a todos los clientes a trav\u00e9s de sus locales espectaculares y \u00fanicos mezclando una gastronom\u00eda de alta calidad, excelentes c\u00f3cteles, ambientes acogedores, m\u00fasica, dise\u00f1o y elegancia en sus restaurantes caracterizados por tener una atmosfera incre\u00edble y un look &amp; feel \u00fanico. Enjoy Group es conocido como uno de los mejores grupos de restauraci\u00f3n en las Islas Baleares. Una visita obligada cuando vienes a Mallorca de vacaciones. Esto es lo que somos y lo que hacemos, nuestro core business, conseguir que la gente; \u201cENJOY Life, ENJOY food, ENJOY experiences, ENJOY friends, Love, family, holidays, moments, beach, Mallorca\u201d.\" \/>\n<meta name=\"robots\" content=\"index, follow, max-snippet:-1, max-image-preview:large, max-video-preview:-1\" \/>\n<link rel=\"canonical\" href=\"https:\/\/enjoygroup.es\/en\/ramonbilbao-chaletsiena\/\" \/>\n<meta property=\"og:locale\" content=\"en_GB\" \/>\n<meta property=\"og:type\" content=\"article\" \/>\n<meta property=\"og:title\" content=\"Oferta Ramon Bilbao - Chalet Siena\" \/>\n<meta property=\"og:description\" content=\"Enjoy Group Restaurants &amp; More es un grupo de \u201cLifestyle Hospitality\u201d ubicado en las Islas Baleares en Palma de Mallorca. Especializado en brindar experiencias incre\u00edbles a todos los clientes a trav\u00e9s de sus locales espectaculares y \u00fanicos mezclando una gastronom\u00eda de alta calidad, excelentes c\u00f3cteles, ambientes acogedores, m\u00fasica, dise\u00f1o y elegancia en sus restaurantes caracterizados por tener una atmosfera incre\u00edble y un look &amp; feel \u00fanico. Enjoy Group es conocido como uno de los mejores grupos de restauraci\u00f3n en las Islas Baleares. Una visita obligada cuando vienes a Mallorca de vacaciones. Esto es lo que somos y lo que hacemos, nuestro core business, conseguir que la gente; \u201cENJOY Life, ENJOY food, ENJOY experiences, ENJOY friends, Love, family, holidays, moments, beach, Mallorca\u201d.\" \/>\n<meta property=\"og:url\" content=\"https:\/\/enjoygroup.es\/en\/ramonbilbao-chaletsiena\/\" \/>\n<meta property=\"og:site_name\" content=\"Enjoy Group\" \/>\n<meta property=\"article:publisher\" content=\"https:\/\/www.facebook.com\/enjoypalmademallorca\/\" \/>\n<meta property=\"article:modified_time\" content=\"2023-09-28T13:27:03+00:00\" \/>\n<meta property=\"og:image\" content=\"http:\/\/enjoygroup.es\/wp-content\/uploads\/RB_Mesa-de-trabajo-1.webp\" \/>\n<meta name=\"twitter:card\" content=\"summary_large_image\" \/>\n<meta name=\"twitter:label1\" content=\"Estimated reading time\" \/>\n\t<meta name=\"twitter:data1\" content=\"1 minute\" \/>\n<script type=\"application\/ld+json\" class=\"yoast-schema-graph\">{\"@context\":\"https:\\\/\\\/schema.org\",\"@graph\":[{\"@type\":\"WebPage\",\"@id\":\"https:\\\/\\\/enjoygroup.es\\\/ramonbilbao-chaletsiena\\\/\",\"url\":\"https:\\\/\\\/enjoygroup.es\\\/ramonbilbao-chaletsiena\\\/\",\"name\":\"Oferta Ramon Bilbao - Chalet Siena\",\"isPartOf\":{\"@id\":\"https:\\\/\\\/enjoygroup.es\\\/#website\"},\"primaryImageOfPage\":{\"@id\":\"https:\\\/\\\/enjoygroup.es\\\/ramonbilbao-chaletsiena\\\/#primaryimage\"},\"image\":{\"@id\":\"https:\\\/\\\/enjoygroup.es\\\/ramonbilbao-chaletsiena\\\/#primaryimage\"},\"thumbnailUrl\":\"http:\\\/\\\/enjoygroup.es\\\/wp-content\\\/uploads\\\/RB_Mesa-de-trabajo-1.webp\",\"datePublished\":\"2023-09-28T13:22:14+00:00\",\"dateModified\":\"2023-09-28T13:27:03+00:00\",\"description\":\"Enjoy Group Restaurants & More es un grupo de \u201cLifestyle Hospitality\u201d ubicado en las Islas Baleares en Palma de Mallorca. Especializado en brindar experiencias incre\u00edbles a todos los clientes a trav\u00e9s de sus locales espectaculares y \u00fanicos mezclando una gastronom\u00eda de alta calidad, excelentes c\u00f3cteles, ambientes acogedores, m\u00fasica, dise\u00f1o y elegancia en sus restaurantes caracterizados por tener una atmosfera incre\u00edble y un look & feel \u00fanico. Enjoy Group es conocido como uno de los mejores grupos de restauraci\u00f3n en las Islas Baleares. Una visita obligada cuando vienes a Mallorca de vacaciones. Esto es lo que somos y lo que hacemos, nuestro core business, conseguir que la gente; \u201cENJOY Life, ENJOY food, ENJOY experiences, ENJOY friends, Love, family, holidays, moments, beach, Mallorca\u201d.\",\"breadcrumb\":{\"@id\":\"https:\\\/\\\/enjoygroup.es\\\/ramonbilbao-chaletsiena\\\/#breadcrumb\"},\"inLanguage\":\"en-GB\",\"potentialAction\":[{\"@type\":\"ReadAction\",\"target\":[\"https:\\\/\\\/enjoygroup.es\\\/ramonbilbao-chaletsiena\\\/\"]}]},{\"@type\":\"ImageObject\",\"inLanguage\":\"en-GB\",\"@id\":\"https:\\\/\\\/enjoygroup.es\\\/ramonbilbao-chaletsiena\\\/#primaryimage\",\"url\":\"http:\\\/\\\/enjoygroup.es\\\/wp-content\\\/uploads\\\/RB_Mesa-de-trabajo-1.webp\",\"contentUrl\":\"http:\\\/\\\/enjoygroup.es\\\/wp-content\\\/uploads\\\/RB_Mesa-de-trabajo-1.webp\"},{\"@type\":\"BreadcrumbList\",\"@id\":\"https:\\\/\\\/enjoygroup.es\\\/ramonbilbao-chaletsiena\\\/#breadcrumb\",\"itemListElement\":[{\"@type\":\"ListItem\",\"position\":1,\"name\":\"Portada\",\"item\":\"https:\\\/\\\/enjoygroup.es\\\/\"},{\"@type\":\"ListItem\",\"position\":2,\"name\":\"Oferta Ramon Bilbao &#8211; Chalet Siena\"}]},{\"@type\":\"WebSite\",\"@id\":\"https:\\\/\\\/enjoygroup.es\\\/#website\",\"url\":\"https:\\\/\\\/enjoygroup.es\\\/\",\"name\":\"Enjoy Group\",\"description\":\"Restaurants and More\",\"publisher\":{\"@id\":\"https:\\\/\\\/enjoygroup.es\\\/#organization\"},\"potentialAction\":[{\"@type\":\"SearchAction\",\"target\":{\"@type\":\"EntryPoint\",\"urlTemplate\":\"https:\\\/\\\/enjoygroup.es\\\/?s={search_term_string}\"},\"query-input\":{\"@type\":\"PropertyValueSpecification\",\"valueRequired\":true,\"valueName\":\"search_term_string\"}}],\"inLanguage\":\"en-GB\"},{\"@type\":\"Organization\",\"@id\":\"https:\\\/\\\/enjoygroup.es\\\/#organization\",\"name\":\"Enjoy Group\",\"url\":\"https:\\\/\\\/enjoygroup.es\\\/\",\"logo\":{\"@type\":\"ImageObject\",\"inLanguage\":\"en-GB\",\"@id\":\"https:\\\/\\\/enjoygroup.es\\\/#\\\/schema\\\/logo\\\/image\\\/\",\"url\":\"https:\\\/\\\/enjoygroup.es\\\/wp-content\\\/uploads\\\/2020\\\/08\\\/cropped-e-Favicon.png\",\"contentUrl\":\"https:\\\/\\\/enjoygroup.es\\\/wp-content\\\/uploads\\\/2020\\\/08\\\/cropped-e-Favicon.png\",\"width\":512,\"height\":512,\"caption\":\"Enjoy Group\"},\"image\":{\"@id\":\"https:\\\/\\\/enjoygroup.es\\\/#\\\/schema\\\/logo\\\/image\\\/\"},\"sameAs\":[\"https:\\\/\\\/www.facebook.com\\\/enjoypalmademallorca\\\/\",\"https:\\\/\\\/www.instagram.com\\\/enjoygroupmallorca\",\"https:\\\/\\\/www.linkedin.com\\\/in\\\/enjoy-group-86b04a197\\\/\",\"https:\\\/\\\/www.youtube.com\\\/channel\\\/UCiCgpzIEnF8RtMzzda2KNWg\\\/?guided_help_flow=5\"]}]}<\/script>\n<!-- \/ Yoast SEO plugin. -->","yoast_head_json":{"title":"Oferta Ramon Bilbao - Chalet Siena","description":"Enjoy group restaurants &amp; more, is a group of &quot;Lifestyle Hospitality&quot; located in the Balearic Islands in Palma de Mallorca. Specialized in providing incredible experiences to all customers through its spectacular and unique venues, mixing high quality gastronomy, excellent cocktails, cozy atmospheres, music, design and elegance in its restaurants characterized by having an incredible atmosphere and a unique look &amp; feel. . Enjoy Group is known as one of the best restaurant groups in the Balearic Islands. A must when you come to Majorca on vacation. This is who we are and what we do, our core business, getting people; &quot;ENJOY Life, ENJOY food, ENJOY experiences, ENJOY friends, Love, family, holidays, moments, beach, Mallorca&quot;.","robots":{"index":"index","follow":"follow","max-snippet":"max-snippet:-1","max-image-preview":"max-image-preview:large","max-video-preview":"max-video-preview:-1"},"canonical":"https:\/\/enjoygroup.es\/en\/ramonbilbao-chaletsiena\/","og_locale":"en_GB","og_type":"article","og_title":"Oferta Ramon Bilbao - Chalet Siena","og_description":"Enjoy Group Restaurants & More es un grupo de \u201cLifestyle Hospitality\u201d ubicado en las Islas Baleares en Palma de Mallorca. Especializado en brindar experiencias incre\u00edbles a todos los clientes a trav\u00e9s de sus locales espectaculares y \u00fanicos mezclando una gastronom\u00eda de alta calidad, excelentes c\u00f3cteles, ambientes acogedores, m\u00fasica, dise\u00f1o y elegancia en sus restaurantes caracterizados por tener una atmosfera incre\u00edble y un look & feel \u00fanico. Enjoy Group es conocido como uno de los mejores grupos de restauraci\u00f3n en las Islas Baleares. Una visita obligada cuando vienes a Mallorca de vacaciones. Esto es lo que somos y lo que hacemos, nuestro core business, conseguir que la gente; \u201cENJOY Life, ENJOY food, ENJOY experiences, ENJOY friends, Love, family, holidays, moments, beach, Mallorca\u201d.","og_url":"https:\/\/enjoygroup.es\/en\/ramonbilbao-chaletsiena\/","og_site_name":"Enjoy Group","article_publisher":"https:\/\/www.facebook.com\/enjoypalmademallorca\/","article_modified_time":"2023-09-28T13:27:03+00:00","og_image":[{"url":"http:\/\/enjoygroup.es\/wp-content\/uploads\/RB_Mesa-de-trabajo-1.webp","type":"","width":"","height":""}],"twitter_card":"summary_large_image","twitter_misc":{"Estimated reading time":"1 minute"},"schema":{"@context":"https:\/\/schema.org","@graph":[{"@type":"WebPage","@id":"https:\/\/enjoygroup.es\/ramonbilbao-chaletsiena\/","url":"https:\/\/enjoygroup.es\/ramonbilbao-chaletsiena\/","name":"Oferta Ramon Bilbao - Chalet Siena","isPartOf":{"@id":"https:\/\/enjoygroup.es\/#website"},"primaryImageOfPage":{"@id":"https:\/\/enjoygroup.es\/ramonbilbao-chaletsiena\/#primaryimage"},"image":{"@id":"https:\/\/enjoygroup.es\/ramonbilbao-chaletsiena\/#primaryimage"},"thumbnailUrl":"http:\/\/enjoygroup.es\/wp-content\/uploads\/RB_Mesa-de-trabajo-1.webp","datePublished":"2023-09-28T13:22:14+00:00","dateModified":"2023-09-28T13:27:03+00:00","description":"Enjoy group restaurants &amp; more, is a group of &quot;Lifestyle Hospitality&quot; located in the Balearic Islands in Palma de Mallorca. Specialized in providing incredible experiences to all customers through its spectacular and unique venues, mixing high quality gastronomy, excellent cocktails, cozy atmospheres, music, design and elegance in its restaurants characterized by having an incredible atmosphere and a unique look &amp; feel. . Enjoy Group is known as one of the best restaurant groups in the Balearic Islands. A must when you come to Majorca on vacation. This is who we are and what we do, our core business, getting people; &quot;ENJOY Life, ENJOY food, ENJOY experiences, ENJOY friends, Love, family, holidays, moments, beach, Mallorca&quot;.","breadcrumb":{"@id":"https:\/\/enjoygroup.es\/ramonbilbao-chaletsiena\/#breadcrumb"},"inLanguage":"en-GB","potentialAction":[{"@type":"ReadAction","target":["https:\/\/enjoygroup.es\/ramonbilbao-chaletsiena\/"]}]},{"@type":"ImageObject","inLanguage":"en-GB","@id":"https:\/\/enjoygroup.es\/ramonbilbao-chaletsiena\/#primaryimage","url":"http:\/\/enjoygroup.es\/wp-content\/uploads\/RB_Mesa-de-trabajo-1.webp","contentUrl":"http:\/\/enjoygroup.es\/wp-content\/uploads\/RB_Mesa-de-trabajo-1.webp"},{"@type":"BreadcrumbList","@id":"https:\/\/enjoygroup.es\/ramonbilbao-chaletsiena\/#breadcrumb","itemListElement":[{"@type":"ListItem","position":1,"name":"Portada","item":"https:\/\/enjoygroup.es\/"},{"@type":"ListItem","position":2,"name":"Oferta Ramon Bilbao &#8211; Chalet Siena"}]},{"@type":"WebSite","@id":"https:\/\/enjoygroup.es\/#website","url":"https:\/\/enjoygroup.es\/","name":"Enjoy Group","description":"Restaurants and More","publisher":{"@id":"https:\/\/enjoygroup.es\/#organization"},"potentialAction":[{"@type":"SearchAction","target":{"@type":"EntryPoint","urlTemplate":"https:\/\/enjoygroup.es\/?s={search_term_string}"},"query-input":{"@type":"PropertyValueSpecification","valueRequired":true,"valueName":"search_term_string"}}],"inLanguage":"en-GB"},{"@type":"Organization","@id":"https:\/\/enjoygroup.es\/#organization","name":"Enjoy Group","url":"https:\/\/enjoygroup.es\/","logo":{"@type":"ImageObject","inLanguage":"en-GB","@id":"https:\/\/enjoygroup.es\/#\/schema\/logo\/image\/","url":"https:\/\/enjoygroup.es\/wp-content\/uploads\/2020\/08\/cropped-e-Favicon.png","contentUrl":"https:\/\/enjoygroup.es\/wp-content\/uploads\/2020\/08\/cropped-e-Favicon.png","width":512,"height":512,"caption":"Enjoy Group"},"image":{"@id":"https:\/\/enjoygroup.es\/#\/schema\/logo\/image\/"},"sameAs":["https:\/\/www.facebook.com\/enjoypalmademallorca\/","https:\/\/www.instagram.com\/enjoygroupmallorca","https:\/\/www.linkedin.com\/in\/enjoy-group-86b04a197\/","https:\/\/www.youtube.com\/channel\/UCiCgpzIEnF8RtMzzda2KNWg\/?guided_help_flow=5"]}]}},"_links":{"self":[{"href":"https:\/\/enjoygroup.es\/en\/wp-json\/wp\/v2\/pages\/32904","targetHints":{"allow":["GET"]}}],"collection":[{"href":"https:\/\/enjoygroup.es\/en\/wp-json\/wp\/v2\/pages"}],"about":[{"href":"https:\/\/enjoygroup.es\/en\/wp-json\/wp\/v2\/types\/page"}],"author":[{"embeddable":true,"href":"https:\/\/enjoygroup.es\/en\/wp-json\/wp\/v2\/users\/2"}],"replies":[{"embeddable":true,"href":"https:\/\/enjoygroup.es\/en\/wp-json\/wp\/v2\/comments?post=32904"}],"version-history":[{"count":0,"href":"https:\/\/enjoygroup.es\/en\/wp-json\/wp\/v2\/pages\/32904\/revisions"}],"wp:attachment":[{"href":"https:\/\/enjoygroup.es\/en\/wp-json\/wp\/v2\/media?parent=32904"}],"curies":[{"name":"wp","href":"https:\/\/api.w.org\/{rel}","templated":true}]}}